{"id":112,"date":"2021-10-05T11:34:19","date_gmt":"2021-10-05T09:34:19","guid":{"rendered":"https:\/\/soziokultur-duisburg.de\/2021-wp\/?page_id=112"},"modified":"2022-05-10T21:58:46","modified_gmt":"2022-05-10T19:58:46","slug":"duissonanzen","status":"publish","type":"page","link":"https:\/\/soziokultur-duisburg.de\/2021-wp\/duissonanzen\/","title":{"rendered":"Duissonanzen"},"content":{"rendered":"\t\t<div data-elementor-type=\"wp-page\" data-elementor-id=\"112\" class=\"elementor elementor-112\">\n\t\t\t\t\t\t\t\t\t<section class=\"elementor-section elementor-top-section elementor-element elementor-element-4fbf4d9 elementor-section-boxed elementor-section-height-default elementor-section-height-default\" data-id=\"4fbf4d9\" data-element_type=\"section\">\n\t\t\t\t\t\t<div class=\"elementor-container elementor-column-gap-default\">\n\t\t\t\t\t<div class=\"elementor-column elementor-col-100 elementor-top-column elementor-element elementor-element-1a26a25\" data-id=\"1a26a25\" data-element_type=\"column\">\n\t\t\t<div class=\"elementor-widget-wrap elementor-element-populated\">\n\t\t\t\t\t\t\t\t<div class=\"elementor-element elementor-element-16e7df1 elementor-widget elementor-widget-text-editor\" data-id=\"16e7df1\" data-element_type=\"widget\" data-widget_type=\"text-editor.default\">\n\t\t\t\t<div class=\"elementor-widget-container\">\n\t\t\t<style>\/*! elementor - v3.6.7 - 03-07-2022 *\/\n.elementor-widget-text-editor.elementor-drop-cap-view-stacked .elementor-drop-cap{background-color:#818a91;color:#fff}.elementor-widget-text-editor.elementor-drop-cap-view-framed .elementor-drop-cap{color:#818a91;border:3px solid;background-color:transparent}.elementor-widget-text-editor:not(.elementor-drop-cap-view-default) .elementor-drop-cap{margin-top:8px}.elementor-widget-text-editor:not(.elementor-drop-cap-view-default) .elementor-drop-cap-letter{width:1em;height:1em}.elementor-widget-text-editor .elementor-drop-cap{float:left;text-align:center;line-height:1;font-size:50px}.elementor-widget-text-editor .elementor-drop-cap-letter{display:inline-block}<\/style>\t\t\t\t<p><em>Duissonanzen<\/em>\u00a0ist ein dokumentarisches\u00a0Filmprojekt, das kreative Menschen dieser Stadt\u00a0portr\u00e4tiert. Ein Archiv der hier lebenden und arbeitenden Menschen, die das eigentliche Herz, die verborgene Kraft dieser Stadt sind.<\/p><p>Duisburg h\u00e4lt so wenig von seinem eigenen Potential, seiner eigene kreativen Kraft. Es sieht seine zarten Spr\u00f6sslinge lieber als Unkraut an \u2013 und sich selbst viel zu selten als das, was es ist: Ein einzigartiger Schmelztiegel der Kulturen, ein internationales Biotop der Kreativit\u00e4t, das in den vergangenen Jahrzehnten eine immer noch wachsende und sich wandelnde genuine k\u00fcnstlerische Szene hervorgebracht hat, die ihresgleichen sucht. Bunt und kreativ, das wird im \u00f6ffentlichen Diskurs gern mal betont, nur um im n\u00e4chsten Moment doch wieder in persistenter negativer Selbstwahrnehmung und stereotyper Kategorisierung unterzugehen.<\/p><p>Duissonanzen will zeigen, dass wir nicht von renommierten K\u00fcnstler*innen von anderswo abh\u00e4ngig \u00a0sind, die gern verpflichtet werden, um f\u00fcr kurze Zeit ein bisschen Glanz zu hinterlassen, in der Hoffnung auf ein besseres Image f\u00fcr die Stadt. Duissonanzen stellt K\u00fcnstler*innen, Kreative aus Duisburg in den Fokus, um zu zeigen, dass diese Stadt sehr gut aus sich selber zu leuchten im Stande ist.<\/p><p>Fertiggestellte Filme aus dieser Reihe werden wir auf dieser Website ver\u00f6ffentlichen.<\/p>\t\t\t\t\t\t<\/div>\n\t\t\t\t<\/div>\n\t\t\t\t\t<\/div>\n\t\t<\/div>\n\t\t\t\t\t\t\t<\/div>\n\t\t<\/section>\n\t\t\t\t\t\t\t<\/div>\n\t\t","protected":false},"excerpt":{"rendered":"<p>Duissonanzen\u00a0ist ein dokumentarisches\u00a0Filmprojekt, das kreative Menschen dieser Stadt\u00a0portr\u00e4tiert. Ein Archiv der hier lebenden und arbeitenden Menschen, die das eigentliche Herz, die verborgene Kraft dieser Stadt sind. Duisburg h\u00e4lt so wenig von seinem eigenen Potential, seiner eigene kreativen Kraft. Es sieht seine zarten Spr\u00f6sslinge lieber als Unkraut an \u2013 und sich selbst viel zu selten als &hellip; <a href=\"https:\/\/soziokultur-duisburg.de\/2021-wp\/duissonanzen\/\" class=\"more-link\"><span class=\"screen-reader-text\">Duissonanzen<\/span> weiterlesen<\/a><\/p>\n","protected":false},"author":1,"featured_media":0,"parent":0,"menu_order":0,"comment_status":"closed","ping_status":"closed","template":"","meta":[],"_links":{"self":[{"href":"https:\/\/soziokultur-duisburg.de\/2021-wp\/wp-json\/wp\/v2\/pages\/112"}],"collection":[{"href":"https:\/\/soziokultur-duisburg.de\/2021-wp\/wp-json\/wp\/v2\/pages"}],"about":[{"href":"https:\/\/soziokultur-duisburg.de\/2021-wp\/wp-json\/wp\/v2\/types\/page"}],"author":[{"embeddable":true,"href":"https:\/\/soziokultur-duisburg.de\/2021-wp\/wp-json\/wp\/v2\/users\/1"}],"replies":[{"embeddable":true,"href":"https:\/\/soziokultur-duisburg.de\/2021-wp\/wp-json\/wp\/v2\/comments?post=112"}],"version-history":[{"count":10,"href":"https:\/\/soziokultur-duisburg.de\/2021-wp\/wp-json\/wp\/v2\/pages\/112\/revisions"}],"predecessor-version":[{"id":1160,"href":"https:\/\/soziokultur-duisburg.de\/2021-wp\/wp-json\/wp\/v2\/pages\/112\/revisions\/1160"}],"wp:attachment":[{"href":"https:\/\/soziokultur-duisburg.de\/2021-wp\/wp-json\/wp\/v2\/media?parent=112"}],"curies":[{"name":"wp","href":"https:\/\/api.w.org\/{rel}","templated":true}]}}