{"id":113,"date":"2021-10-05T11:34:29","date_gmt":"2021-10-05T09:34:29","guid":{"rendered":"https:\/\/soziokultur-duisburg.de\/2021-wp\/?page_id=113"},"modified":"2022-06-29T15:15:25","modified_gmt":"2022-06-29T13:15:25","slug":"vernetzung","status":"publish","type":"page","link":"https:\/\/soziokultur-duisburg.de\/2021-wp\/vernetzung\/","title":{"rendered":"Vernetzung"},"content":{"rendered":"\t\t<div data-elementor-type=\"wp-page\" data-elementor-id=\"113\" class=\"elementor elementor-113\">\n\t\t\t\t\t\t\t\t\t<section class=\"elementor-section elementor-top-section elementor-element elementor-element-4fbf4d9 elementor-section-boxed elementor-section-height-default elementor-section-height-default\" data-id=\"4fbf4d9\" data-element_type=\"section\">\n\t\t\t\t\t\t<div class=\"elementor-container elementor-column-gap-default\">\n\t\t\t\t\t<div class=\"elementor-column elementor-col-100 elementor-top-column elementor-element elementor-element-1a26a25\" data-id=\"1a26a25\" data-element_type=\"column\">\n\t\t\t<div class=\"elementor-widget-wrap elementor-element-populated\">\n\t\t\t\t\t\t\t\t<div class=\"elementor-element elementor-element-16e7df1 elementor-widget elementor-widget-text-editor\" data-id=\"16e7df1\" data-element_type=\"widget\" data-widget_type=\"text-editor.default\">\n\t\t\t\t<div class=\"elementor-widget-container\">\n\t\t\t<style>\/*! elementor - v3.6.7 - 03-07-2022 *\/\n.elementor-widget-text-editor.elementor-drop-cap-view-stacked .elementor-drop-cap{background-color:#818a91;color:#fff}.elementor-widget-text-editor.elementor-drop-cap-view-framed .elementor-drop-cap{color:#818a91;border:3px solid;background-color:transparent}.elementor-widget-text-editor:not(.elementor-drop-cap-view-default) .elementor-drop-cap{margin-top:8px}.elementor-widget-text-editor:not(.elementor-drop-cap-view-default) .elementor-drop-cap-letter{width:1em;height:1em}.elementor-widget-text-editor .elementor-drop-cap{float:left;text-align:center;line-height:1;font-size:50px}.elementor-widget-text-editor .elementor-drop-cap-letter{display:inline-block}<\/style>\t\t\t\t<p>Wir wollen die gro\u00dfe Vielfalt soziokultureller Aktivit\u00e4ten in Duisburg einander n\u00e4herbringen. Zur Vernetzung veranstalten wir j\u00e4hrlich ein gro\u00dfes Initiativen-Treffen. Das n\u00e4chste soll im Herbst im Stapeltor stattfinden.<\/p><p>Hier auf der Karte findet ihr einige soziokulturelle Orte und Initiativen, die sich im weitesten Sinne als \u201esoziokulturell\u201c verstehen und die wir sichtbar machen wollen.<\/p><p>Klickt auf die Symbole, um mehr Informationen zu erhalten!<br \/>Flaniert durch die Stra\u00dfen! Besucht euch!<\/p>\t\t\t\t\t\t<\/div>\n\t\t\t\t<\/div>\n\t\t\t\t\t<\/div>\n\t\t<\/div>\n\t\t\t\t\t\t\t<\/div>\n\t\t<\/section>\n\t\t\t\t<section class=\"elementor-section elementor-top-section elementor-element elementor-element-e4ba16b elementor-section-boxed elementor-section-height-default elementor-section-height-default\" data-id=\"e4ba16b\" data-element_type=\"section\">\n\t\t\t\t\t\t<div class=\"elementor-container elementor-column-gap-default\">\n\t\t\t\t\t<div class=\"elementor-column elementor-col-100 elementor-top-column elementor-element elementor-element-4983a46\" data-id=\"4983a46\" data-element_type=\"column\">\n\t\t\t<div class=\"elementor-widget-wrap elementor-element-populated\">\n\t\t\t\t\t\t\t\t<div class=\"elementor-element elementor-element-b139878 elementor-widget elementor-widget-text-editor\" data-id=\"b139878\" data-element_type=\"widget\" data-widget_type=\"text-editor.default\">\n\t\t\t\t<div class=\"elementor-widget-container\">\n\t\t\t\t\t\t\t<iframe loading=\"lazy\" src=\"https:\/\/www.google.com\/maps\/d\/embed?mid=16P0J6B06aVEgM3EJ3EtyAuPXXSXrxB5e&#038;hl=de\" width=\"640\" height=\"480\"><\/iframe>\t\t\t\t\t\t<\/div>\n\t\t\t\t<\/div>\n\t\t\t\t\t<\/div>\n\t\t<\/div>\n\t\t\t\t\t\t\t<\/div>\n\t\t<\/section>\n\t\t\t\t<section class=\"elementor-section elementor-top-section elementor-element elementor-element-84251ff elementor-section-boxed elementor-section-height-default elementor-section-height-default\" data-id=\"84251ff\" data-element_type=\"section\">\n\t\t\t\t\t\t<div class=\"elementor-container elementor-column-gap-default\">\n\t\t\t\t\t<div class=\"elementor-column elementor-col-100 elementor-top-column elementor-element elementor-element-f4f3f67\" data-id=\"f4f3f67\" data-element_type=\"column\">\n\t\t\t<div class=\"elementor-widget-wrap elementor-element-populated\">\n\t\t\t\t\t\t\t\t<div class=\"elementor-element elementor-element-a6aa46a elementor-widget elementor-widget-text-editor\" data-id=\"a6aa46a\" data-element_type=\"widget\" data-widget_type=\"text-editor.default\">\n\t\t\t\t<div class=\"elementor-widget-container\">\n\t\t\t\t\t\t\t<p><em>Legende:\u00a0 <img decoding=\"async\" loading=\"lazy\" class=\"alignnone wp-image-1210\" src=\"https:\/\/soziokultur-duisburg.de\/2021-wp\/wp-content\/uploads\/2022\/05\/map-icon-1.png\" alt=\"\" width=\"20\" height=\"20\" srcset=\"https:\/\/soziokultur-duisburg.de\/2021-wp\/wp-content\/uploads\/2022\/05\/map-icon-1.png 256w, https:\/\/soziokultur-duisburg.de\/2021-wp\/wp-content\/uploads\/2022\/05\/map-icon-1-150x150.png 150w\" sizes=\"(max-width: 20px) 100vw, 20px\" \/>\u00a0 <img decoding=\"async\" loading=\"lazy\" class=\"alignnone wp-image-1213\" src=\"https:\/\/soziokultur-duisburg.de\/2021-wp\/wp-content\/uploads\/2022\/05\/map-icon-2.png\" alt=\"\" width=\"20\" height=\"20\" srcset=\"https:\/\/soziokultur-duisburg.de\/2021-wp\/wp-content\/uploads\/2022\/05\/map-icon-2.png 256w, https:\/\/soziokultur-duisburg.de\/2021-wp\/wp-content\/uploads\/2022\/05\/map-icon-2-150x150.png 150w\" sizes=\"(max-width: 20px) 100vw, 20px\" \/>\u00a0 klick auf die Symbole!<\/em><\/p><p>Ihr versteht euch auch als soziokulturelle Ort, ihr wollt euch vernetzen, ihr wollt auf die Karte? &#8211; Mailt uns: <a href=\"https:\/\/soziokultur-duisburg.de\/2021-wp\/kontakt\/\">eine Mail!<\/a><\/p><p>Auch \u00fcber Duisburg hinaus wollen wir uns vernetzen. Dazu gibt es am 21. und 22. Mai im Stapeltor die Gelegenheit bei der \u201eKonferenz der kleinen Orte und freien Kollektive\u201c des (von uns mitgetragenen) Netzwerk X \u2013 Netzwerk f\u00fcr Kunst und Soziales im Ruhrgebiet<\/p>\t\t\t\t\t\t<\/div>\n\t\t\t\t<\/div>\n\t\t\t\t\t<\/div>\n\t\t<\/div>\n\t\t\t\t\t\t\t<\/div>\n\t\t<\/section>\n\t\t\t\t\t\t\t<\/div>\n\t\t","protected":false},"excerpt":{"rendered":"<p>Wir wollen die gro\u00dfe Vielfalt soziokultureller Aktivit\u00e4ten in Duisburg einander n\u00e4herbringen. Zur Vernetzung veranstalten wir j\u00e4hrlich ein gro\u00dfes Initiativen-Treffen. Das n\u00e4chste soll im Herbst im Stapeltor stattfinden. Hier auf der Karte findet ihr einige soziokulturelle Orte und Initiativen, die sich im weitesten Sinne als \u201esoziokulturell\u201c verstehen und die wir sichtbar machen wollen. Klickt auf die &hellip; <a href=\"https:\/\/soziokultur-duisburg.de\/2021-wp\/vernetzung\/\" class=\"more-link\"><span class=\"screen-reader-text\">Vernetzung<\/span> weiterlesen<\/a><\/p>\n","protected":false},"author":1,"featured_media":0,"parent":0,"menu_order":0,"comment_status":"closed","ping_status":"closed","template":"","meta":[],"_links":{"self":[{"href":"https:\/\/soziokultur-duisburg.de\/2021-wp\/wp-json\/wp\/v2\/pages\/113"}],"collection":[{"href":"https:\/\/soziokultur-duisburg.de\/2021-wp\/wp-json\/wp\/v2\/pages"}],"about":[{"href":"https:\/\/soziokultur-duisburg.de\/2021-wp\/wp-json\/wp\/v2\/types\/page"}],"author":[{"embeddable":true,"href":"https:\/\/soziokultur-duisburg.de\/2021-wp\/wp-json\/wp\/v2\/users\/1"}],"replies":[{"embeddable":true,"href":"https:\/\/soziokultur-duisburg.de\/2021-wp\/wp-json\/wp\/v2\/comments?post=113"}],"version-history":[{"count":10,"href":"https:\/\/soziokultur-duisburg.de\/2021-wp\/wp-json\/wp\/v2\/pages\/113\/revisions"}],"predecessor-version":[{"id":1668,"href":"https:\/\/soziokultur-duisburg.de\/2021-wp\/wp-json\/wp\/v2\/pages\/113\/revisions\/1668"}],"wp:attachment":[{"href":"https:\/\/soziokultur-duisburg.de\/2021-wp\/wp-json\/wp\/v2\/media?parent=113"}],"curies":[{"name":"wp","href":"https:\/\/api.w.org\/{rel}","templated":true}]}}