{"id":1509,"date":"2022-06-29T11:42:36","date_gmt":"2022-06-29T09:42:36","guid":{"rendered":"https:\/\/soziokultur-duisburg.de\/2021-wp\/bir-bakista\/"},"modified":"2022-06-29T15:40:46","modified_gmt":"2022-06-29T13:40:46","slug":"bir-bakista","status":"publish","type":"page","link":"https:\/\/soziokultur-duisburg.de\/2021-wp\/bir-bakista\/?lang=tr","title":{"rendered":"B\u0130R BAKI\u015eTA"},"content":{"rendered":"\t\t<div data-elementor-type=\"wp-page\" data-elementor-id=\"1509\" class=\"elementor elementor-1509\">\n\t\t\t\t\t\t\t\t\t<section class=\"elementor-section elementor-top-section elementor-element elementor-element-d22c80d elementor-section-boxed elementor-section-height-default elementor-section-height-default\" data-id=\"d22c80d\" data-element_type=\"section\">\n\t\t\t\t\t\t<div class=\"elementor-container elementor-column-gap-default\">\n\t\t\t\t\t<div class=\"elementor-column elementor-col-100 elementor-top-column elementor-element elementor-element-384f8af\" data-id=\"384f8af\" data-element_type=\"column\">\n\t\t\t<div class=\"elementor-widget-wrap elementor-element-populated\">\n\t\t\t\t\t\t\t\t<div class=\"elementor-element elementor-element-a7944b1 elementor-widget elementor-widget-accordion\" data-id=\"a7944b1\" data-element_type=\"widget\" data-widget_type=\"accordion.default\">\n\t\t\t\t<div class=\"elementor-widget-container\">\n\t\t\t<style>\/*! elementor - v3.6.7 - 03-07-2022 *\/\n.elementor-accordion{text-align:left}.elementor-accordion .elementor-accordion-item{border:1px solid #d4d4d4}.elementor-accordion .elementor-accordion-item+.elementor-accordion-item{border-top:none}.elementor-accordion .elementor-tab-title{margin:0;padding:15px 20px;font-weight:700;line-height:1;cursor:pointer;outline:none}.elementor-accordion .elementor-tab-title .elementor-accordion-icon{display:inline-block;width:1.5em}.elementor-accordion .elementor-tab-title .elementor-accordion-icon svg{width:1em;height:1em}.elementor-accordion .elementor-tab-title .elementor-accordion-icon.elementor-accordion-icon-right{float:right;text-align:right}.elementor-accordion .elementor-tab-title .elementor-accordion-icon.elementor-accordion-icon-left{float:left;text-align:left}.elementor-accordion .elementor-tab-title .elementor-accordion-icon .elementor-accordion-icon-closed{display:block}.elementor-accordion .elementor-tab-title .elementor-accordion-icon .elementor-accordion-icon-opened,.elementor-accordion .elementor-tab-title.elementor-active .elementor-accordion-icon-closed{display:none}.elementor-accordion .elementor-tab-title.elementor-active .elementor-accordion-icon-opened{display:block}.elementor-accordion .elementor-tab-content{display:none;padding:15px 20px;border-top:1px solid #d4d4d4}@media (max-width:767px){.elementor-accordion .elementor-tab-title{padding:12px 15px}.elementor-accordion .elementor-tab-title .elementor-accordion-icon{width:1.2em}.elementor-accordion .elementor-tab-content{padding:7px 15px}}<\/style>\t\t<div class=\"elementor-accordion\" role=\"tablist\">\n\t\t\t\t\t\t\t<div class=\"elementor-accordion-item\">\n\t\t\t\t\t<div id=\"elementor-tab-title-1751\" class=\"elementor-tab-title\" data-tab=\"1\" role=\"tab\" aria-controls=\"elementor-tab-content-1751\" aria-expanded=\"false\">\n\t\t\t\t\t\t\t\t\t\t\t\t\t<span class=\"elementor-accordion-icon elementor-accordion-icon-left\" aria-hidden=\"true\">\n\t\t\t\t\t\t\t\t\t\t\t\t\t\t\t<span class=\"elementor-accordion-icon-closed\"><i class=\"fas fa-plus\"><\/i><\/span>\n\t\t\t\t\t\t\t\t<span class=\"elementor-accordion-icon-opened\"><i class=\"fas fa-minus\"><\/i><\/span>\n\t\t\t\t\t\t\t\t\t\t\t\t\t\t<\/span>\n\t\t\t\t\t\t\t\t\t\t\t\t<a class=\"elementor-accordion-title\" href=\"\">Duisburg i\u00e7in Sosyok\u00fclt\u00fcr<\/a>\n\t\t\t\t\t<\/div>\n\t\t\t\t\t<div id=\"elementor-tab-content-1751\" class=\"elementor-tab-content elementor-clearfix\" data-tab=\"1\" role=\"tabpanel\" aria-labelledby=\"elementor-tab-title-1751\"><p>projemiz ve web sitemiz gibi adland\u0131r\u0131l\u0131r. Bu alt sayfa her \u015feyi a\u00e7\u0131klamak istemiyor, ancak gerekli a\u00e7\u0131kl\u0131\u011fa katk\u0131da bulunmak istiyor: Sosyok\u00fclt\u00fcr asl\u0131nda nedir? Peki Duisburg&#8217;da neden bu kadar \u00e7ok arzu ediliyor ve bunun i\u00e7in bu kadar \u00e7ok m\u00fccadele ediyoruz?<\/p><p><a href=\"https:\/\/soziokultur-duisburg.de\/2021-wp\/sosyokueltuer-nedir\/?lang=tr\" target=\"_blank\" rel=\"noopener\">SONRAKI\u0307: DUISBURG I\u0307\u00c7I\u0307N SOSYOK\u00dcLT\u00dcR<\/a><\/p><\/div>\n\t\t\t\t<\/div>\n\t\t\t\t\t\t\t<div class=\"elementor-accordion-item\">\n\t\t\t\t\t<div id=\"elementor-tab-title-1752\" class=\"elementor-tab-title\" data-tab=\"2\" role=\"tab\" aria-controls=\"elementor-tab-content-1752\" aria-expanded=\"false\">\n\t\t\t\t\t\t\t\t\t\t\t\t\t<span class=\"elementor-accordion-icon elementor-accordion-icon-left\" aria-hidden=\"true\">\n\t\t\t\t\t\t\t\t\t\t\t\t\t\t\t<span class=\"elementor-accordion-icon-closed\"><i class=\"fas fa-plus\"><\/i><\/span>\n\t\t\t\t\t\t\t\t<span class=\"elementor-accordion-icon-opened\"><i class=\"fas fa-minus\"><\/i><\/span>\n\t\t\t\t\t\t\t\t\t\t\t\t\t\t<\/span>\n\t\t\t\t\t\t\t\t\t\t\t\t<a class=\"elementor-accordion-title\" href=\"\">A\u011f \u0130leti\u015fimi  <\/a>\n\t\t\t\t\t<\/div>\n\t\t\t\t\t<div id=\"elementor-tab-content-1752\" class=\"elementor-tab-content elementor-clearfix\" data-tab=\"2\" role=\"tabpanel\" aria-labelledby=\"elementor-tab-title-1752\"><p>Duisburg&#8217;da halihaz\u0131rda sosyal ve k\u00fclt\u00fcrel olarak aktif olan herkesin birbirleri aras\u0131nda ve \u015fehrimizin s\u0131n\u0131rlar\u0131n\u0131n \u00f6tesinde: bu, \u00fc\u00e7 y\u0131ll\u0131k projemizin ve ayr\u0131ca (nihayet) bu web sitesinin temel hedefidir. \u00d6ncelikle hepimiz birbirimizden haberdar olmal\u0131, birbirimizi tan\u0131mal\u0131, fikir al\u0131\u015fveri\u015finde bulunmal\u0131 ve son olarak kendimizi kolektif olarak g\u00f6r\u00fcn\u00fcr k\u0131l\u0131p k\u0131lmayaca\u011f\u0131m\u0131z\u0131 ve nas\u0131l g\u00f6r\u00fcn\u00fcr k\u0131laca\u011f\u0131m\u0131z\u0131 birlikte d\u00fc\u015f\u00fcnmeliyiz.<\/p><p><a href=\"https:\/\/soziokultur-duisburg.de\/2021-wp\/agla-birlestirme\/?lang=tr\" target=\"_blank\" rel=\"noopener\">SONRAKI: A\u011e OLU\u015eTURMA<\/a><\/p><\/div>\n\t\t\t\t<\/div>\n\t\t\t\t\t\t\t<div class=\"elementor-accordion-item\">\n\t\t\t\t\t<div id=\"elementor-tab-title-1753\" class=\"elementor-tab-title\" data-tab=\"3\" role=\"tab\" aria-controls=\"elementor-tab-content-1753\" aria-expanded=\"false\">\n\t\t\t\t\t\t\t\t\t\t\t\t\t<span class=\"elementor-accordion-icon elementor-accordion-icon-left\" aria-hidden=\"true\">\n\t\t\t\t\t\t\t\t\t\t\t\t\t\t\t<span class=\"elementor-accordion-icon-closed\"><i class=\"fas fa-plus\"><\/i><\/span>\n\t\t\t\t\t\t\t\t<span class=\"elementor-accordion-icon-opened\"><i class=\"fas fa-minus\"><\/i><\/span>\n\t\t\t\t\t\t\t\t\t\t\t\t\t\t<\/span>\n\t\t\t\t\t\t\t\t\t\t\t\t<a class=\"elementor-accordion-title\" href=\"\">D\u00fc\u015f\u00fcnme alanlar\u0131<\/a>\n\t\t\t\t\t<\/div>\n\t\t\t\t\t<div id=\"elementor-tab-content-1753\" class=\"elementor-tab-content elementor-clearfix\" data-tab=\"3\" role=\"tabpanel\" aria-labelledby=\"elementor-tab-title-1753\"><p>biz de esas olarak analoglar \u00fcretmek istiyoruz. Bunlar, \u00e7al\u0131\u015fmalar\u0131m\u0131z\u0131n bir par\u00e7as\u0131 olarak, deneyimlerimizi, bilgilerimizi ve d\u00fc\u015f\u00fcncelerimizi kamuya a\u00e7\u0131k bir \u015fekilde payla\u015ft\u0131\u011f\u0131m\u0131z etkinliklerdir.  <\/p>\n<p><a href=\"https:\/\/soziokultur-duisburg.de\/2021-wp\/duesuenme-alanlari\/?lang=tr\" target=\"_blank\">NEXT: D\u00dc\u015e\u00dcNME ALANLARI<\/a><\/p><\/div>\n\t\t\t\t<\/div>\n\t\t\t\t\t\t\t<div class=\"elementor-accordion-item\">\n\t\t\t\t\t<div id=\"elementor-tab-title-1754\" class=\"elementor-tab-title\" data-tab=\"4\" role=\"tab\" aria-controls=\"elementor-tab-content-1754\" aria-expanded=\"false\">\n\t\t\t\t\t\t\t\t\t\t\t\t\t<span class=\"elementor-accordion-icon elementor-accordion-icon-left\" aria-hidden=\"true\">\n\t\t\t\t\t\t\t\t\t\t\t\t\t\t\t<span class=\"elementor-accordion-icon-closed\"><i class=\"fas fa-plus\"><\/i><\/span>\n\t\t\t\t\t\t\t\t<span class=\"elementor-accordion-icon-opened\"><i class=\"fas fa-minus\"><\/i><\/span>\n\t\t\t\t\t\t\t\t\t\t\t\t\t\t<\/span>\n\t\t\t\t\t\t\t\t\t\t\t\t<a class=\"elementor-accordion-title\" href=\"\">Minimegazine<\/a>\n\t\t\t\t\t<\/div>\n\t\t\t\t\t<div id=\"elementor-tab-content-1754\" class=\"elementor-tab-content elementor-clearfix\" data-tab=\"4\" role=\"tabpanel\" aria-labelledby=\"elementor-tab-title-1754\"><p>y\u0131lda iki kez \u00fcretti\u011fimiz, bast\u0131\u011f\u0131m\u0131z ve yay\u0131nlad\u0131\u011f\u0131m\u0131z \u00e7evrimd\u0131\u015f\u0131 dergimizdir. Bu kitap, Duisburg&#8217;un ge\u00e7mi\u015ften gelece\u011fe uzanan bir olas\u0131l\u0131k alan\u0131 olmas\u0131 ve yazarlar\u0131n ba\u015fka neler hakk\u0131nda konu\u015fmak ve neleri k\u0131\u015fk\u0131rtmak istedikleriyle ilgili. Bas\u0131l\u0131 versiyon belirleyicidir, ancak burada PDF olarak da mevcuttur.<\/p><p><a href=\"https:\/\/soziokultur-duisburg.de\/2021-wp\/minimegazine\/?lang=tr\" target=\"_blank\" rel=\"noopener\">SONRAKI: MINIMEGAZINE<\/a><\/p><\/div>\n\t\t\t\t<\/div>\n\t\t\t\t\t\t\t<div class=\"elementor-accordion-item\">\n\t\t\t\t\t<div id=\"elementor-tab-title-1755\" class=\"elementor-tab-title\" data-tab=\"5\" role=\"tab\" aria-controls=\"elementor-tab-content-1755\" aria-expanded=\"false\">\n\t\t\t\t\t\t\t\t\t\t\t\t\t<span class=\"elementor-accordion-icon elementor-accordion-icon-left\" aria-hidden=\"true\">\n\t\t\t\t\t\t\t\t\t\t\t\t\t\t\t<span class=\"elementor-accordion-icon-closed\"><i class=\"fas fa-plus\"><\/i><\/span>\n\t\t\t\t\t\t\t\t<span class=\"elementor-accordion-icon-opened\"><i class=\"fas fa-minus\"><\/i><\/span>\n\t\t\t\t\t\t\t\t\t\t\t\t\t\t<\/span>\n\t\t\t\t\t\t\t\t\t\t\t\t<a class=\"elementor-accordion-title\" href=\"\">Duissonanzen<\/a>\n\t\t\t\t\t<\/div>\n\t\t\t\t\t<div id=\"elementor-tab-content-1755\" class=\"elementor-tab-content elementor-clearfix\" data-tab=\"5\" role=\"tabpanel\" aria-labelledby=\"elementor-tab-title-1755\"><p>tarihi \u00e7al\u0131\u015fmam\u0131z i\u00e7in uygun bir ba\u015fl\u0131kt\u0131r. Burada hi\u00e7bir \u015fekilde ilk de\u011filiz: sosyal ve k\u00fclt\u00fcrel olarak aktif insanlar olarak de\u011fil, k\u00fclt\u00fcr politikas\u0131 i\u00e7in m\u00fccadele eden insanlar olarak de\u011fil, kesinlikle Duisburg&#8217;da bireysel ve sosyal olarak kendini adam\u0131\u015f insanlar olarak de\u011fil. \u00c7ok \u00e7e\u015fitli rol modelleri ar\u0131yoruz ve onlar\u0131 film portrelerinde sunuyoruz.<\/p><p><a href=\"https:\/\/soziokultur-duisburg.de\/2021-wp\/duissonanzen\/?lang=tr\" target=\"_blank\" rel=\"noopener\">SONRAKI: DUISSONANCES<\/a><\/p><\/div>\n\t\t\t\t<\/div>\n\t\t\t\t\t\t\t<div class=\"elementor-accordion-item\">\n\t\t\t\t\t<div id=\"elementor-tab-title-1756\" class=\"elementor-tab-title\" data-tab=\"6\" role=\"tab\" aria-controls=\"elementor-tab-content-1756\" aria-expanded=\"false\">\n\t\t\t\t\t\t\t\t\t\t\t\t\t<span class=\"elementor-accordion-icon elementor-accordion-icon-left\" aria-hidden=\"true\">\n\t\t\t\t\t\t\t\t\t\t\t\t\t\t\t<span class=\"elementor-accordion-icon-closed\"><i class=\"fas fa-plus\"><\/i><\/span>\n\t\t\t\t\t\t\t\t<span class=\"elementor-accordion-icon-opened\"><i class=\"fas fa-minus\"><\/i><\/span>\n\t\t\t\t\t\t\t\t\t\t\t\t\t\t<\/span>\n\t\t\t\t\t\t\t\t\t\t\t\t<a class=\"elementor-accordion-title\" href=\"\">Blog<\/a>\n\t\t\t\t\t<\/div>\n\t\t\t\t\t<div id=\"elementor-tab-content-1756\" class=\"elementor-tab-content elementor-clearfix\" data-tab=\"6\" role=\"tabpanel\" aria-labelledby=\"elementor-tab-title-1756\"><p>Evet, ger\u00e7ekten bir web g\u00fcnl\u00fc\u011f\u00fc ve ayn\u0131 zamanda sosyal medyada dijital olarak yay\u0131nlan\u0131yor. Burada ayda en az iki kez bizim ya da ortaklar\u0131m\u0131z\u0131n akl\u0131ndan ge\u00e7enleri rapor ediyor ya da ba\u015fka yerlerde ba\u015flat\u0131lan g\u00fcncel tart\u0131\u015fmalara tepki g\u00f6steriyor ve yorum yap\u0131yoruz.<\/p>\n<p><a href=\"https:\/\/soziokultur-duisburg.de\/2021-wp\/blog\/?lang=tr\" target=\"_blank\">DAHA FAZLASI: BLOG<\/a><\/p><\/div>\n\t\t\t\t<\/div>\n\t\t\t\t\t\t\t\t<\/div>\n\t\t\t\t<\/div>\n\t\t\t\t<\/div>\n\t\t\t\t\t<\/div>\n\t\t<\/div>\n\t\t\t\t\t\t\t<\/div>\n\t\t<\/section>\n\t\t\t\t<section class=\"elementor-section elementor-top-section elementor-element elementor-element-00fbbaa elementor-section-boxed elementor-section-height-default elementor-section-height-default\" data-id=\"00fbbaa\" data-element_type=\"section\">\n\t\t\t\t\t\t<div class=\"elementor-container elementor-column-gap-default\">\n\t\t\t\t\t<div class=\"elementor-column elementor-col-100 elementor-top-column elementor-element elementor-element-a888d52\" data-id=\"a888d52\" data-element_type=\"column\">\n\t\t\t<div class=\"elementor-widget-wrap elementor-element-populated\">\n\t\t\t\t\t\t\t\t<div class=\"elementor-element elementor-element-8664ab9 elementor-widget-divider--view-line elementor-widget elementor-widget-divider\" data-id=\"8664ab9\" data-element_type=\"widget\" data-widget_type=\"divider.default\">\n\t\t\t\t<div class=\"elementor-widget-container\">\n\t\t\t<style>\/*! elementor - v3.6.7 - 03-07-2022 *\/\n.elementor-widget-divider{--divider-border-style:none;--divider-border-width:1px;--divider-color:#2c2c2c;--divider-icon-size:20px;--divider-element-spacing:10px;--divider-pattern-height:24px;--divider-pattern-size:20px;--divider-pattern-url:none;--divider-pattern-repeat:repeat-x}.elementor-widget-divider .elementor-divider{display:-webkit-box;display:-ms-flexbox;display:flex}.elementor-widget-divider .elementor-divider__text{font-size:15px;line-height:1;max-width:95%}.elementor-widget-divider .elementor-divider__element{margin:0 var(--divider-element-spacing);-ms-flex-negative:0;flex-shrink:0}.elementor-widget-divider .elementor-icon{font-size:var(--divider-icon-size)}.elementor-widget-divider .elementor-divider-separator{display:-webkit-box;display:-ms-flexbox;display:flex;margin:0;direction:ltr}.elementor-widget-divider--view-line_icon .elementor-divider-separator,.elementor-widget-divider--view-line_text .elementor-divider-separator{-webkit-box-align:center;-ms-flex-align:center;align-items:center}.elementor-widget-divider--view-line_icon .elementor-divider-separator:after,.elementor-widget-divider--view-line_icon .elementor-divider-separator:before,.elementor-widget-divider--view-line_text .elementor-divider-separator:after,.elementor-widget-divider--view-line_text .elementor-divider-separator:before{display:block;content:\"\";border-bottom:0;-webkit-box-flex:1;-ms-flex-positive:1;flex-grow:1;border-top:var(--divider-border-width) var(--divider-border-style) var(--divider-color)}.elementor-widget-divider--element-align-left .elementor-divider .elementor-divider-separator>.elementor-divider__svg:first-of-type{-webkit-box-flex:0;-ms-flex-positive:0;flex-grow:0;-ms-flex-negative:100;flex-shrink:100}.elementor-widget-divider--element-align-left .elementor-divider-separator:before{content:none}.elementor-widget-divider--element-align-left .elementor-divider__element{margin-left:0}.elementor-widget-divider--element-align-right .elementor-divider .elementor-divider-separator>.elementor-divider__svg:last-of-type{-webkit-box-flex:0;-ms-flex-positive:0;flex-grow:0;-ms-flex-negative:100;flex-shrink:100}.elementor-widget-divider--element-align-right .elementor-divider-separator:after{content:none}.elementor-widget-divider--element-align-right .elementor-divider__element{margin-right:0}.elementor-widget-divider:not(.elementor-widget-divider--view-line_text):not(.elementor-widget-divider--view-line_icon) .elementor-divider-separator{border-top:var(--divider-border-width) var(--divider-border-style) var(--divider-color)}.elementor-widget-divider--separator-type-pattern{--divider-border-style:none}.elementor-widget-divider--separator-type-pattern.elementor-widget-divider--view-line .elementor-divider-separator,.elementor-widget-divider--separator-type-pattern:not(.elementor-widget-divider--view-line) .elementor-divider-separator:after,.elementor-widget-divider--separator-type-pattern:not(.elementor-widget-divider--view-line) .elementor-divider-separator:before,.elementor-widget-divider--separator-type-pattern:not([class*=elementor-widget-divider--view]) .elementor-divider-separator{width:100%;min-height:var(--divider-pattern-height);-webkit-mask-size:var(--divider-pattern-size) 100%;mask-size:var(--divider-pattern-size) 100%;-webkit-mask-repeat:var(--divider-pattern-repeat);mask-repeat:var(--divider-pattern-repeat);background-color:var(--divider-color);-webkit-mask-image:var(--divider-pattern-url);mask-image:var(--divider-pattern-url)}.elementor-widget-divider--no-spacing{--divider-pattern-size:auto}.elementor-widget-divider--bg-round{--divider-pattern-repeat:round}.rtl .elementor-widget-divider .elementor-divider__text{direction:rtl}<\/style>\t\t<div class=\"elementor-divider\">\n\t\t\t<span class=\"elementor-divider-separator\">\n\t\t\t\t\t\t<\/span>\n\t\t<\/div>\n\t\t\t\t<\/div>\n\t\t\t\t<\/div>\n\t\t\t\t\t<\/div>\n\t\t<\/div>\n\t\t\t\t\t\t\t<\/div>\n\t\t<\/section>\n\t\t\t\t<section class=\"elementor-section elementor-top-section elementor-element elementor-element-30357af elementor-section-boxed elementor-section-height-default elementor-section-height-default\" data-id=\"30357af\" data-element_type=\"section\">\n\t\t\t\t\t\t<div class=\"elementor-container elementor-column-gap-default\">\n\t\t\t\t\t<div class=\"elementor-column elementor-col-100 elementor-top-column elementor-element elementor-element-825327e\" data-id=\"825327e\" data-element_type=\"column\">\n\t\t\t<div class=\"elementor-widget-wrap elementor-element-populated\">\n\t\t\t\t\t\t\t\t<div class=\"elementor-element elementor-element-b6b2ec9 elementor-widget elementor-widget-text-editor\" data-id=\"b6b2ec9\" data-element_type=\"widget\" data-widget_type=\"text-editor.default\">\n\t\t\t\t<div class=\"elementor-widget-container\">\n\t\t\t<style>\/*! elementor - v3.6.7 - 03-07-2022 *\/\n.elementor-widget-text-editor.elementor-drop-cap-view-stacked .elementor-drop-cap{background-color:#818a91;color:#fff}.elementor-widget-text-editor.elementor-drop-cap-view-framed .elementor-drop-cap{color:#818a91;border:3px solid;background-color:transparent}.elementor-widget-text-editor:not(.elementor-drop-cap-view-default) .elementor-drop-cap{margin-top:8px}.elementor-widget-text-editor:not(.elementor-drop-cap-view-default) .elementor-drop-cap-letter{width:1em;height:1em}.elementor-widget-text-editor .elementor-drop-cap{float:left;text-align:center;line-height:1;font-size:50px}.elementor-widget-text-editor .elementor-drop-cap-letter{display:inline-block}<\/style>\t\t\t\t<p>\u015eu anda burada b\u00f6yle g\u00f6r\u00fcn\u00fcyor, b\u00f6yle ba\u015fl\u0131yoruz ve sizi okumaya, sonra yazmaya, kat\u0131lmaya ve nihayet birlikte \u00e7al\u0131\u015fmaya davet ediyoruz. Plan\u0131m\u0131z, \u00f6n\u00fcm\u00fczdeki bir bu\u00e7uk y\u0131l i\u00e7inde bu sitenin Duisburg&#8217;daki sosyal ve k\u00fclt\u00fcrel a\u00e7\u0131dan aktif t\u00fcm mekanlar, gruplar ve giri\u015fimler i\u00e7in ortak bir platforma d\u00f6n\u00fc\u015fmesidir. En az\u0131ndan Duisburg&#8217;da aktif olmak isteyen herkes i\u00e7in bir a\u00e7\u0131l\u0131\u015f sayfas\u0131 olarak. Zaten \u00f6yle olan hepimiz i\u00e7in \u00f6nce.<\/p><p>Yak\u0131nda sizinle ileti\u015fime ge\u00e7ece\u011fiz. Ya da bizi ziyaret edebilirsiniz!  <br>= &gt; <a href=\"https:\/\/soziokultur-duisburg.de\/2021-wp\/iletisim\/?lang=tr\">\u0130leti\u015fim<\/a><\/p><p>Yak\u0131nda Duisburg&#8217;da bir yerlerde g\u00f6r\u00fc\u015fmek \u00fczere, sevgilerimle<\/p><p>\u00dc\u00e7geniniz<\/p>\t\t\t\t\t\t<\/div>\n\t\t\t\t<\/div>\n\t\t\t\t\t<\/div>\n\t\t<\/div>\n\t\t\t\t\t\t\t<\/div>\n\t\t<\/section>\n\t\t\t\t\t\t\t<\/div>\n\t\t","protected":false},"excerpt":{"rendered":"<p>Duisburg i\u00e7in Sosyok\u00fclt\u00fcr projemiz ve web sitemiz gibi adland\u0131r\u0131l\u0131r. Bu alt sayfa her \u015feyi a\u00e7\u0131klamak istemiyor, ancak gerekli a\u00e7\u0131kl\u0131\u011fa katk\u0131da bulunmak istiyor: Sosyok\u00fclt\u00fcr asl\u0131nda nedir? Peki Duisburg&#8217;da neden bu kadar \u00e7ok arzu ediliyor ve bunun i\u00e7in bu kadar \u00e7ok m\u00fccadele ediyoruz? SONRAKI\u0307: DUISBURG I\u0307\u00c7I\u0307N SOSYOK\u00dcLT\u00dcR A\u011f \u0130leti\u015fimi Duisburg&#8217;da halihaz\u0131rda sosyal ve k\u00fclt\u00fcrel olarak aktif olan &hellip; <a href=\"https:\/\/soziokultur-duisburg.de\/2021-wp\/bir-bakista\/?lang=tr\" class=\"more-link\"><span class=\"screen-reader-text\">B\u0130R BAKI\u015eTA<\/span> weiterlesen<\/a><\/p>\n","protected":false},"author":1,"featured_media":0,"parent":0,"menu_order":0,"comment_status":"closed","ping_status":"closed","template":"","meta":[],"_links":{"self":[{"href":"https:\/\/soziokultur-duisburg.de\/2021-wp\/wp-json\/wp\/v2\/pages\/1509"}],"collection":[{"href":"https:\/\/soziokultur-duisburg.de\/2021-wp\/wp-json\/wp\/v2\/pages"}],"about":[{"href":"https:\/\/soziokultur-duisburg.de\/2021-wp\/wp-json\/wp\/v2\/types\/page"}],"author":[{"embeddable":true,"href":"https:\/\/soziokultur-duisburg.de\/2021-wp\/wp-json\/wp\/v2\/users\/1"}],"replies":[{"embeddable":true,"href":"https:\/\/soziokultur-duisburg.de\/2021-wp\/wp-json\/wp\/v2\/comments?post=1509"}],"version-history":[{"count":10,"href":"https:\/\/soziokultur-duisburg.de\/2021-wp\/wp-json\/wp\/v2\/pages\/1509\/revisions"}],"predecessor-version":[{"id":1710,"href":"https:\/\/soziokultur-duisburg.de\/2021-wp\/wp-json\/wp\/v2\/pages\/1509\/revisions\/1710"}],"wp:attachment":[{"href":"https:\/\/soziokultur-duisburg.de\/2021-wp\/wp-json\/wp\/v2\/media?parent=1509"}],"curies":[{"name":"wp","href":"https:\/\/api.w.org\/{rel}","templated":true}]}}