{"id":1525,"date":"2022-06-29T12:11:00","date_gmt":"2022-06-29T10:11:00","guid":{"rendered":"https:\/\/soziokultur-duisburg.de\/2021-wp\/?page_id=1525"},"modified":"2022-06-29T13:40:30","modified_gmt":"2022-06-29T11:40:30","slug":"blog-de","status":"publish","type":"page","link":"https:\/\/soziokultur-duisburg.de\/2021-wp\/blog-de\/","title":{"rendered":"BLOG"},"content":{"rendered":"\t\t<div data-elementor-type=\"wp-page\" data-elementor-id=\"1525\" class=\"elementor elementor-1525\">\n\t\t\t\t\t\t\t\t\t<section class=\"elementor-section elementor-top-section elementor-element elementor-element-e39b0cf elementor-section-boxed elementor-section-height-default elementor-section-height-default\" data-id=\"e39b0cf\" data-element_type=\"section\">\n\t\t\t\t\t\t<div class=\"elementor-container elementor-column-gap-default\">\n\t\t\t\t\t<div class=\"elementor-column elementor-col-100 elementor-top-column elementor-element elementor-element-92ac531\" data-id=\"92ac531\" data-element_type=\"column\">\n\t\t\t<div class=\"elementor-widget-wrap elementor-element-populated\">\n\t\t\t\t\t\t\t\t<div class=\"elementor-element elementor-element-a67ea27 elementor-widget elementor-widget-text-editor\" data-id=\"a67ea27\" data-element_type=\"widget\" data-widget_type=\"text-editor.default\">\n\t\t\t\t<div class=\"elementor-widget-container\">\n\t\t\t<style>\/*! elementor - v3.6.7 - 03-07-2022 *\/\n.elementor-widget-text-editor.elementor-drop-cap-view-stacked .elementor-drop-cap{background-color:#818a91;color:#fff}.elementor-widget-text-editor.elementor-drop-cap-view-framed .elementor-drop-cap{color:#818a91;border:3px solid;background-color:transparent}.elementor-widget-text-editor:not(.elementor-drop-cap-view-default) .elementor-drop-cap{margin-top:8px}.elementor-widget-text-editor:not(.elementor-drop-cap-view-default) .elementor-drop-cap-letter{width:1em;height:1em}.elementor-widget-text-editor .elementor-drop-cap{float:left;text-align:center;line-height:1;font-size:50px}.elementor-widget-text-editor .elementor-drop-cap-letter{display:inline-block}<\/style>\t\t\t\t<p>Die Beitr\u00e4ge im Blog erscheinen in der Sprache der Autor*innen.<\/p>\t\t\t\t\t\t<\/div>\n\t\t\t\t<\/div>\n\t\t\t\t\t<\/div>\n\t\t<\/div>\n\t\t\t\t\t\t\t<\/div>\n\t\t<\/section>\n\t\t\t\t<section class=\"elementor-section elementor-top-section elementor-element elementor-element-788070d elementor-section-boxed elementor-section-height-default elementor-section-height-default\" data-id=\"788070d\" data-element_type=\"section\">\n\t\t\t\t\t\t<div class=\"elementor-container elementor-column-gap-default\">\n\t\t\t\t\t<div class=\"elementor-column elementor-col-100 elementor-top-column elementor-element elementor-element-c11af42\" data-id=\"c11af42\" data-element_type=\"column\">\n\t\t\t<div class=\"elementor-widget-wrap elementor-element-populated\">\n\t\t\t\t\t\t\t\t<div class=\"elementor-element elementor-element-a1b6275 elementor-widget elementor-widget-text-editor\" data-id=\"a1b6275\" data-element_type=\"widget\" data-widget_type=\"text-editor.default\">\n\t\t\t\t<div class=\"elementor-widget-container\">\n\t\t\t\t\t\t\t<p><div class=\"pt-cv-wrapper\"><div class=\"pt-cv-view pt-cv-grid pt-cv-colsys\" id=\"pt-cv-view-6a79d95xov\"><div data-id=\"pt-cv-page-1\" class=\"pt-cv-page\" data-cvc=\"2\"><div class=\"col-md-6 col-sm-6 col-xs-12 pt-cv-content-item pt-cv-1-col\" ><div class='pt-cv-ifield'><a href=\"https:\/\/soziokultur-duisburg.de\/2021-wp\/2023\/08\/16\/duisburg-echt-lebenswert-machen-mehr-soziokultur\/\" class=\"_self pt-cv-href-thumbnail pt-cv-thumb-default\" target=\"_self\" ><img width=\"825\" height=\"510\" src=\"https:\/\/soziokultur-duisburg.de\/2021-wp\/wp-content\/uploads\/2023\/08\/lebenswert_blog-825x510.jpg\" class=\"pt-cv-thumbnail\" alt=\"\" decoding=\"async\" loading=\"lazy\" srcset=\"https:\/\/soziokultur-duisburg.de\/2021-wp\/wp-content\/uploads\/2023\/08\/lebenswert_blog.jpg 825w, https:\/\/soziokultur-duisburg.de\/2021-wp\/wp-content\/uploads\/2023\/08\/lebenswert_blog-300x185.jpg 300w, https:\/\/soziokultur-duisburg.de\/2021-wp\/wp-content\/uploads\/2023\/08\/lebenswert_blog-768x475.jpg 768w\" sizes=\"(max-width: 825px) 100vw, 825px\" \/><\/a>\n<h4 class=\"pt-cv-title\"><a href=\"https:\/\/soziokultur-duisburg.de\/2021-wp\/2023\/08\/16\/duisburg-echt-lebenswert-machen-mehr-soziokultur\/\" class=\"_self\" target=\"_self\" >DUISBURG ECHT LEBENSWERT MACHEN! &#8211; MEHR SOZIOKULTUR<\/a><\/h4>\n<div class=\"pt-cv-content\">\n<p>Als Netzwerk aus diversen soziokulturellen Orten, Initiativen und freien Kulturschaffenden haben wir eine Liste an Ma\u00dfnahmen zur kulturellen Belebung der Stadt erarbeitet, die wir hier der \u00d6ffentlichkeit pr\u00e4sentieren und als konstruktiven Vorschlag an alle demokratischen Parteien im Duisburger Stadtrat richten.&nbsp;<\/p>\n\n\n\n <a href=\"https:\/\/soziokultur-duisburg.de\/2021-wp\/2023\/08\/16\/duisburg-echt-lebenswert-machen-mehr-soziokultur\/#more-2178\" class=\"more-link\"><span aria-label=\"DUISBURG ECHT LEBENSWERT MACHEN! &#8211; MEHR SOZIOKULTUR weiterlesen\">(mehr\u00a0&hellip;)<\/span><\/a><\/div>\n<div class=\"pt-cv-meta-fields\"><span class=\"entry-date\"> <time datetime=\"2023-08-16T15:40:47+02:00\">16. August 2023<\/time><\/span> \/ <span class=\"author\"> <a href=\"https:\/\/soziokultur-duisburg.de\/2021-wp\/author\/sozio\/\" rel=\"author\">Soziokultur Duisburg<\/a><\/span><\/div><\/div><\/div>\n<div class=\"col-md-6 col-sm-6 col-xs-12 pt-cv-content-item pt-cv-1-col\" ><div class='pt-cv-ifield'><a href=\"https:\/\/soziokultur-duisburg.de\/2021-wp\/2022\/12\/08\/minimegazine-n02-mach-mit\/\" class=\"_self pt-cv-href-thumbnail pt-cv-thumb-default\" target=\"_self\" ><img width=\"825\" height=\"510\" src=\"https:\/\/soziokultur-duisburg.de\/2021-wp\/wp-content\/uploads\/2022\/12\/Blog_no2-825x510.jpg\" class=\"pt-cv-thumbnail\" alt=\"\" decoding=\"async\" loading=\"lazy\" srcset=\"https:\/\/soziokultur-duisburg.de\/2021-wp\/wp-content\/uploads\/2022\/12\/Blog_no2.jpg 825w, https:\/\/soziokultur-duisburg.de\/2021-wp\/wp-content\/uploads\/2022\/12\/Blog_no2-300x185.jpg 300w, https:\/\/soziokultur-duisburg.de\/2021-wp\/wp-content\/uploads\/2022\/12\/Blog_no2-768x475.jpg 768w\" sizes=\"(max-width: 825px) 100vw, 825px\" \/><\/a>\n<h4 class=\"pt-cv-title\"><a href=\"https:\/\/soziokultur-duisburg.de\/2021-wp\/2022\/12\/08\/minimegazine-n02-mach-mit\/\" class=\"_self\" target=\"_self\" >Minimegazine N02 \u2014 MACH MIT<\/a><\/h4>\n<div class=\"pt-cv-content\">\n<p><\/p>\n\n\n\n<p><a href=\"https:\/\/soziokultur-duisburg.de\/2021-wp\/wp-content\/uploads\/2022\/12\/MMZ2Mitmach_Aufruf.pdf\" data-type=\"URL\" data-id=\"https:\/\/soziokultur-duisburg.de\/2021-wp\/wp-content\/uploads\/2022\/12\/MMZ2Mitmach_Aufruf.pdf\" target=\"_blank\" rel=\"noreferrer noopener\">mehr Infos<\/a><br \/><\/p>\n\n\n\n <a href=\"https:\/\/soziokultur-duisburg.de\/2021-wp\/2022\/12\/08\/minimegazine-n02-mach-mit\/#more-2087\" class=\"more-link\"><span aria-label=\"Minimegazine N02 \u2014 MACH MIT weiterlesen\">(mehr\u00a0&hellip;)<\/span><\/a><\/div>\n<div class=\"pt-cv-meta-fields\"><span class=\"entry-date\"> <time datetime=\"2022-12-08T13:28:07+01:00\">8. Dezember 2022<\/time><\/span> \/ <span class=\"author\"> <a href=\"https:\/\/soziokultur-duisburg.de\/2021-wp\/author\/sozio\/\" rel=\"author\">Soziokultur Duisburg<\/a><\/span><\/div><\/div><\/div>\n<div class=\"col-md-6 col-sm-6 col-xs-12 pt-cv-content-item pt-cv-1-col\" ><div class='pt-cv-ifield'><a href=\"https:\/\/soziokultur-duisburg.de\/2021-wp\/2022\/05\/17\/broschuere\/\" class=\"_self pt-cv-href-thumbnail pt-cv-thumb-default\" target=\"_self\" ><img width=\"825\" height=\"510\" src=\"https:\/\/soziokultur-duisburg.de\/2021-wp\/wp-content\/uploads\/2022\/07\/Blog_x-Broschuere-825x510.jpg\" class=\"pt-cv-thumbnail\" alt=\"\" decoding=\"async\" loading=\"lazy\" srcset=\"https:\/\/soziokultur-duisburg.de\/2021-wp\/wp-content\/uploads\/2022\/07\/Blog_x-Broschuere.jpg 825w, https:\/\/soziokultur-duisburg.de\/2021-wp\/wp-content\/uploads\/2022\/07\/Blog_x-Broschuere-300x185.jpg 300w, https:\/\/soziokultur-duisburg.de\/2021-wp\/wp-content\/uploads\/2022\/07\/Blog_x-Broschuere-768x475.jpg 768w\" sizes=\"(max-width: 825px) 100vw, 825px\" \/><\/a>\n<h4 class=\"pt-cv-title\"><a href=\"https:\/\/soziokultur-duisburg.de\/2021-wp\/2022\/05\/17\/broschuere\/\" class=\"_self\" target=\"_self\" >\/\/\/ ZAHLEN, FAKTEN, TORTEN<\/a><\/h4>\n<div class=\"pt-cv-content\">\n<p>ZUR STRUKTURF\u00d6RDERUNG FREIER KUNST-KONTEXTR\u00c4UME IM RUHRGEBIET<br \/><\/p>\n\n\n\n <a href=\"https:\/\/soziokultur-duisburg.de\/2021-wp\/2022\/05\/17\/broschuere\/#more-1939\" class=\"more-link\"><span aria-label=\"\/\/\/ ZAHLEN, FAKTEN, TORTEN weiterlesen\">(mehr\u00a0&hellip;)<\/span><\/a><\/div>\n<div class=\"pt-cv-meta-fields\"><span class=\"entry-date\"> <time datetime=\"2022-05-17T22:46:00+02:00\">17. Mai 2022<\/time><\/span> \/ <span class=\"author\"> <a href=\"https:\/\/soziokultur-duisburg.de\/2021-wp\/author\/sozio\/\" rel=\"author\">Soziokultur Duisburg<\/a><\/span><\/div><\/div><\/div>\n<div class=\"col-md-6 col-sm-6 col-xs-12 pt-cv-content-item pt-cv-1-col\" ><div class='pt-cv-ifield'><a href=\"https:\/\/soziokultur-duisburg.de\/2021-wp\/2022\/05\/12\/das-minimegazine-liegt-rum-2\/\" class=\"_self pt-cv-href-thumbnail pt-cv-thumb-default\" target=\"_self\" ><img width=\"825\" height=\"510\" src=\"https:\/\/soziokultur-duisburg.de\/2021-wp\/wp-content\/uploads\/2022\/05\/Blog_no5_825_510-825x510.jpg\" class=\"pt-cv-thumbnail\" alt=\"\" decoding=\"async\" loading=\"lazy\" srcset=\"https:\/\/soziokultur-duisburg.de\/2021-wp\/wp-content\/uploads\/2022\/05\/Blog_no5_825_510.jpg 825w, https:\/\/soziokultur-duisburg.de\/2021-wp\/wp-content\/uploads\/2022\/05\/Blog_no5_825_510-300x185.jpg 300w, https:\/\/soziokultur-duisburg.de\/2021-wp\/wp-content\/uploads\/2022\/05\/Blog_no5_825_510-768x475.jpg 768w\" sizes=\"(max-width: 825px) 100vw, 825px\" \/><\/a>\n<h4 class=\"pt-cv-title\"><a href=\"https:\/\/soziokultur-duisburg.de\/2021-wp\/2022\/05\/12\/das-minimegazine-liegt-rum-2\/\" class=\"_self\" target=\"_self\" >Das Minimegazine liegt rum<\/a><\/h4>\n<div class=\"pt-cv-content\">\n<p>Das Minimegazine &#8211; das Fanmagazin f\u00fcr die Soziokultur &#8211; macht die Runde. Schon steckt das 3. Heftchen in der R\u00f6hre .\u00a0<\/p>\n\n\n\n <a href=\"https:\/\/soziokultur-duisburg.de\/2021-wp\/2022\/05\/12\/das-minimegazine-liegt-rum-2\/#more-1930\" class=\"more-link\"><span aria-label=\"Das Minimegazine liegt rum weiterlesen\">(mehr\u00a0&hellip;)<\/span><\/a><\/div>\n<div class=\"pt-cv-meta-fields\"><span class=\"entry-date\"> <time datetime=\"2022-05-12T17:25:12+02:00\">12. Mai 2022<\/time><\/span> \/ <span class=\"author\"> <a href=\"https:\/\/soziokultur-duisburg.de\/2021-wp\/author\/sozio\/\" rel=\"author\">Soziokultur Duisburg<\/a><\/span><\/div><\/div><\/div>\n<div class=\"col-md-6 col-sm-6 col-xs-12 pt-cv-content-item pt-cv-1-col\" ><div class='pt-cv-ifield'><a href=\"https:\/\/soziokultur-duisburg.de\/2021-wp\/2022\/05\/01\/minimegazine-kuenstlerinnen\/\" class=\"_self pt-cv-href-thumbnail pt-cv-thumb-default\" target=\"_self\" ><img width=\"825\" height=\"510\" src=\"https:\/\/soziokultur-duisburg.de\/2021-wp\/wp-content\/uploads\/2022\/05\/Blog_Wiegel_Wahlschein-unter-Donald-Trump-_klein-825x510.jpg\" class=\"pt-cv-thumbnail\" alt=\"\" decoding=\"async\" loading=\"lazy\" \/><\/a>\n<h4 class=\"pt-cv-title\"><a href=\"https:\/\/soziokultur-duisburg.de\/2021-wp\/2022\/05\/01\/minimegazine-kuenstlerinnen\/\" class=\"_self\" target=\"_self\" >MiniMegazine K\u00fcnstler*innen<\/a><\/h4>\n<div class=\"pt-cv-content\"><p> <a href=\"https:\/\/soziokultur-duisburg.de\/2021-wp\/2022\/05\/01\/minimegazine-kuenstlerinnen\/#more-1809\" class=\"more-link\"><span aria-label=\"MiniMegazine K\u00fcnstler*innen weiterlesen\">(mehr\u00a0&hellip;)<\/span><\/a><\/p>\n<\/div>\n<div class=\"pt-cv-meta-fields\"><span class=\"entry-date\"> <time datetime=\"2022-05-01T16:39:00+02:00\">1. Mai 2022<\/time><\/span> \/ <span class=\"author\"> <a href=\"https:\/\/soziokultur-duisburg.de\/2021-wp\/author\/sozio\/\" rel=\"author\">Soziokultur Duisburg<\/a><\/span><\/div><\/div><\/div>\n<div class=\"col-md-6 col-sm-6 col-xs-12 pt-cv-content-item pt-cv-1-col\" ><div class='pt-cv-ifield'><a href=\"https:\/\/soziokultur-duisburg.de\/2021-wp\/2022\/04\/08\/minimegazine-praesentation-im-stapeltor\/\" class=\"_self pt-cv-href-thumbnail pt-cv-thumb-default\" target=\"_self\" ><img width=\"825\" height=\"510\" src=\"https:\/\/soziokultur-duisburg.de\/2021-wp\/wp-content\/uploads\/2022\/06\/Blog_MiniMegaZine-2_825_510-825x510.jpg\" class=\"pt-cv-thumbnail\" alt=\"\" decoding=\"async\" loading=\"lazy\" srcset=\"https:\/\/soziokultur-duisburg.de\/2021-wp\/wp-content\/uploads\/2022\/06\/Blog_MiniMegaZine-2_825_510.jpg 825w, https:\/\/soziokultur-duisburg.de\/2021-wp\/wp-content\/uploads\/2022\/06\/Blog_MiniMegaZine-2_825_510-300x185.jpg 300w, https:\/\/soziokultur-duisburg.de\/2021-wp\/wp-content\/uploads\/2022\/06\/Blog_MiniMegaZine-2_825_510-768x475.jpg 768w\" sizes=\"(max-width: 825px) 100vw, 825px\" \/><\/a>\n<h4 class=\"pt-cv-title\"><a href=\"https:\/\/soziokultur-duisburg.de\/2021-wp\/2022\/04\/08\/minimegazine-praesentation-im-stapeltor\/\" class=\"_self\" target=\"_self\" >MiniMegaZine Pr\u00e4sentation im Stapeltor<\/a><\/h4>\n<div class=\"pt-cv-content\">\n<p>Gestern im Stapeltor: Die erste Live-Pr\u00e4sentation unseres famosen MiniMegaZines! <\/p>\n\n\n\n <a href=\"https:\/\/soziokultur-duisburg.de\/2021-wp\/2022\/04\/08\/minimegazine-praesentation-im-stapeltor\/#more-1781\" class=\"more-link\"><span aria-label=\"MiniMegaZine Pr\u00e4sentation im Stapeltor weiterlesen\">(mehr\u00a0&hellip;)<\/span><\/a><\/div>\n<div class=\"pt-cv-meta-fields\"><span class=\"entry-date\"> <time datetime=\"2022-04-08T10:05:00+02:00\">8. April 2022<\/time><\/span> \/ <span class=\"author\"> <a href=\"https:\/\/soziokultur-duisburg.de\/2021-wp\/author\/sozio\/\" rel=\"author\">Soziokultur Duisburg<\/a><\/span><\/div><\/div><\/div>\n<div class=\"col-md-6 col-sm-6 col-xs-12 pt-cv-content-item pt-cv-1-col\" ><div class='pt-cv-ifield'><a href=\"https:\/\/soziokultur-duisburg.de\/2021-wp\/2022\/01\/31\/denkraum-2-2022\/\" class=\"_self pt-cv-href-thumbnail pt-cv-thumb-default\" target=\"_self\" ><img width=\"825\" height=\"510\" src=\"https:\/\/soziokultur-duisburg.de\/2021-wp\/wp-content\/uploads\/2022\/05\/Denkraum_08.01.22-2-825x510.jpg\" class=\"pt-cv-thumbnail\" alt=\"\" decoding=\"async\" loading=\"lazy\" \/><\/a>\n<h4 class=\"pt-cv-title\"><a href=\"https:\/\/soziokultur-duisburg.de\/2021-wp\/2022\/01\/31\/denkraum-2-2022\/\" class=\"_self\" target=\"_self\" >Denkraum 2 \/ 2022<\/a><\/h4>\n<div class=\"pt-cv-content\">\n<p>Im Januar 2022 fand der Denkraum zur \u201eIGA mit H\u201c \u2013 ein Wissens- und Strategie-Austausch zum Thema&nbsp; <em>Internationale Gartenausstellung<\/em>&nbsp;2027 in Hochfeld \u2013 statt.<\/p>\n\n\n\n <a href=\"https:\/\/soziokultur-duisburg.de\/2021-wp\/2022\/01\/31\/denkraum-2-2022\/#more-1917\" class=\"more-link\"><span aria-label=\"Denkraum 2 \/ 2022 weiterlesen\">(mehr\u00a0&hellip;)<\/span><\/a><\/div>\n<div class=\"pt-cv-meta-fields\"><span class=\"entry-date\"> <time datetime=\"2022-01-31T16:30:00+01:00\">31. Januar 2022<\/time><\/span> \/ <span class=\"author\"> <a href=\"https:\/\/soziokultur-duisburg.de\/2021-wp\/author\/sozio\/\" rel=\"author\">Soziokultur Duisburg<\/a><\/span><\/div><\/div><\/div>\n<div class=\"col-md-6 col-sm-6 col-xs-12 pt-cv-content-item pt-cv-1-col\" ><div class='pt-cv-ifield'><a href=\"https:\/\/soziokultur-duisburg.de\/2021-wp\/2022\/01\/27\/lokal-harmonie-2\/\" class=\"_self pt-cv-href-thumbnail pt-cv-thumb-default\" target=\"_self\" ><img width=\"825\" height=\"510\" src=\"https:\/\/soziokultur-duisburg.de\/2021-wp\/wp-content\/uploads\/2022\/06\/Blog_Lh_825_510-825x510.jpg\" class=\"pt-cv-thumbnail\" alt=\"\" decoding=\"async\" loading=\"lazy\" srcset=\"https:\/\/soziokultur-duisburg.de\/2021-wp\/wp-content\/uploads\/2022\/06\/Blog_Lh_825_510.jpg 825w, https:\/\/soziokultur-duisburg.de\/2021-wp\/wp-content\/uploads\/2022\/06\/Blog_Lh_825_510-300x185.jpg 300w, https:\/\/soziokultur-duisburg.de\/2021-wp\/wp-content\/uploads\/2022\/06\/Blog_Lh_825_510-768x475.jpg 768w\" sizes=\"(max-width: 825px) 100vw, 825px\" \/><\/a>\n<h4 class=\"pt-cv-title\"><a href=\"https:\/\/soziokultur-duisburg.de\/2021-wp\/2022\/01\/27\/lokal-harmonie-2\/\" class=\"_self\" target=\"_self\" >Lokal Harmonie<\/a><\/h4>\n<div class=\"pt-cv-content\">\n<p>nun auch gut sichtbar f\u00fcr alle Passant*innen &amp; Suchenden\u2026<\/p>\n\n\n\n <a href=\"https:\/\/soziokultur-duisburg.de\/2021-wp\/2022\/01\/27\/lokal-harmonie-2\/#more-1932\" class=\"more-link\"><span aria-label=\"Lokal Harmonie weiterlesen\">(mehr\u00a0&hellip;)<\/span><\/a><\/div>\n<div class=\"pt-cv-meta-fields\"><span class=\"entry-date\"> <time datetime=\"2022-01-27T18:25:00+01:00\">27. Januar 2022<\/time><\/span> \/ <span class=\"author\"> <a href=\"https:\/\/soziokultur-duisburg.de\/2021-wp\/author\/sozio\/\" rel=\"author\">Soziokultur Duisburg<\/a><\/span><\/div><\/div><\/div>\n<div class=\"col-md-6 col-sm-6 col-xs-12 pt-cv-content-item pt-cv-1-col\" ><div class='pt-cv-ifield'><a href=\"https:\/\/soziokultur-duisburg.de\/2021-wp\/2021\/12\/08\/test\/\" class=\"_self pt-cv-href-thumbnail pt-cv-thumb-default\" target=\"_self\" ><img width=\"825\" height=\"510\" src=\"https:\/\/soziokultur-duisburg.de\/2021-wp\/wp-content\/uploads\/2022\/06\/Blog_Denkraum-1-21_825_510-825x510.jpg\" class=\"pt-cv-thumbnail\" alt=\"\" decoding=\"async\" loading=\"lazy\" srcset=\"https:\/\/soziokultur-duisburg.de\/2021-wp\/wp-content\/uploads\/2022\/06\/Blog_Denkraum-1-21_825_510.jpg 825w, https:\/\/soziokultur-duisburg.de\/2021-wp\/wp-content\/uploads\/2022\/06\/Blog_Denkraum-1-21_825_510-300x185.jpg 300w, https:\/\/soziokultur-duisburg.de\/2021-wp\/wp-content\/uploads\/2022\/06\/Blog_Denkraum-1-21_825_510-768x475.jpg 768w\" sizes=\"(max-width: 825px) 100vw, 825px\" \/><\/a>\n<h4 class=\"pt-cv-title\"><a href=\"https:\/\/soziokultur-duisburg.de\/2021-wp\/2021\/12\/08\/test\/\" class=\"_self\" target=\"_self\" >Denkraum 1\/2021<\/a><\/h4>\n<div class=\"pt-cv-content\">\n<p>Im November fand im Lokal Harmonie der Denkraum \u201eS\u00fc\u00dfes Flanieren\u201c \u2013 mit dem Wahl-Duisburger Prem L\u00fcers und mit Birte Bicksch\u00e4fer vom legend\u00e4ren Ruhrorter Caf\u00e9 Kurz \u2013 statt. Es gab Torte, Kuchen und viele Erz\u00e4hlungen vom Flanieren und Duisburger Leidenschaften.  <\/p>\n\n\n\n <a href=\"https:\/\/soziokultur-duisburg.de\/2021-wp\/2021\/12\/08\/test\/#more-1815\" class=\"more-link\"><span aria-label=\"Denkraum 1\/2021 weiterlesen\">(mehr\u00a0&hellip;)<\/span><\/a><\/div>\n<div class=\"pt-cv-meta-fields\"><span class=\"entry-date\"> <time datetime=\"2021-12-08T17:19:00+01:00\">8. Dezember 2021<\/time><\/span> \/ <span class=\"author\"> <a href=\"https:\/\/soziokultur-duisburg.de\/2021-wp\/author\/sozio\/\" rel=\"author\">Soziokultur Duisburg<\/a><\/span><\/div><\/div><\/div>\n<div class=\"col-md-6 col-sm-6 col-xs-12 pt-cv-content-item pt-cv-1-col\" ><div class='pt-cv-ifield'><a href=\"https:\/\/soziokultur-duisburg.de\/2021-wp\/2021\/10\/01\/das-neue-minimegazine\/\" class=\"_self pt-cv-href-thumbnail pt-cv-thumb-default\" target=\"_self\" ><img width=\"825\" height=\"510\" src=\"https:\/\/soziokultur-duisburg.de\/2021-wp\/wp-content\/uploads\/2022\/06\/Blog_MiniMegaZine-1_825_510-825x510.jpg\" class=\"pt-cv-thumbnail\" alt=\"\" decoding=\"async\" loading=\"lazy\" srcset=\"https:\/\/soziokultur-duisburg.de\/2021-wp\/wp-content\/uploads\/2022\/06\/Blog_MiniMegaZine-1_825_510.jpg 825w, https:\/\/soziokultur-duisburg.de\/2021-wp\/wp-content\/uploads\/2022\/06\/Blog_MiniMegaZine-1_825_510-300x185.jpg 300w, https:\/\/soziokultur-duisburg.de\/2021-wp\/wp-content\/uploads\/2022\/06\/Blog_MiniMegaZine-1_825_510-768x475.jpg 768w\" sizes=\"(max-width: 825px) 100vw, 825px\" \/><\/a>\n<h4 class=\"pt-cv-title\"><a href=\"https:\/\/soziokultur-duisburg.de\/2021-wp\/2021\/10\/01\/das-neue-minimegazine\/\" class=\"_self\" target=\"_self\" >Das neue MiniMegaZine ist in der Mache<\/a><\/h4>\n<div class=\"pt-cv-content\">\n<p>Wir beleuchten das Ph\u00e4nomen des Klassismus. Was ist das denn?<\/p>\n\n\n\n <a href=\"https:\/\/soziokultur-duisburg.de\/2021-wp\/2021\/10\/01\/das-neue-minimegazine\/#more-1821\" class=\"more-link\"><span aria-label=\"Das neue MiniMegaZine ist in der Mache weiterlesen\">(mehr\u00a0&hellip;)<\/span><\/a><\/div>\n<div class=\"pt-cv-meta-fields\"><span class=\"entry-date\"> <time datetime=\"2021-10-01T22:00:00+02:00\">1. Oktober 2021<\/time><\/span> \/ <span class=\"author\"> <a href=\"https:\/\/soziokultur-duisburg.de\/2021-wp\/author\/sozio\/\" rel=\"author\">Soziokultur Duisburg<\/a><\/span><\/div><\/div><\/div><\/div><\/div><\/div><\/p>\t\t\t\t\t\t<\/div>\n\t\t\t\t<\/div>\n\t\t\t\t\t<\/div>\n\t\t<\/div>\n\t\t\t\t\t\t\t<\/div>\n\t\t<\/section>\n\t\t\t\t\t\t\t<\/div>\n\t\t","protected":false},"excerpt":{"rendered":"<p>Die Beitr\u00e4ge im Blog erscheinen in der Sprache der Autor*innen.<\/p>\n","protected":false},"author":1,"featured_media":0,"parent":0,"menu_order":0,"comment_status":"closed","ping_status":"closed","template":"","meta":[],"_links":{"self":[{"href":"https:\/\/soziokultur-duisburg.de\/2021-wp\/wp-json\/wp\/v2\/pages\/1525"}],"collection":[{"href":"https:\/\/soziokultur-duisburg.de\/2021-wp\/wp-json\/wp\/v2\/pages"}],"about":[{"href":"https:\/\/soziokultur-duisburg.de\/2021-wp\/wp-json\/wp\/v2\/types\/page"}],"author":[{"embeddable":true,"href":"https:\/\/soziokultur-duisburg.de\/2021-wp\/wp-json\/wp\/v2\/users\/1"}],"replies":[{"embeddable":true,"href":"https:\/\/soziokultur-duisburg.de\/2021-wp\/wp-json\/wp\/v2\/comments?post=1525"}],"version-history":[{"count":11,"href":"https:\/\/soziokultur-duisburg.de\/2021-wp\/wp-json\/wp\/v2\/pages\/1525\/revisions"}],"predecessor-version":[{"id":1971,"href":"https:\/\/soziokultur-duisburg.de\/2021-wp\/wp-json\/wp\/v2\/pages\/1525\/revisions\/1971"}],"wp:attachment":[{"href":"https:\/\/soziokultur-duisburg.de\/2021-wp\/wp-json\/wp\/v2\/media?parent=1525"}],"curies":[{"name":"wp","href":"https:\/\/api.w.org\/{rel}","templated":true}]}}