{"id":1594,"date":"2022-06-29T13:31:41","date_gmt":"2022-06-29T11:31:41","guid":{"rendered":"https:\/\/soziokultur-duisburg.de\/2021-wp\/?page_id=1594"},"modified":"2022-06-29T13:34:09","modified_gmt":"2022-06-29T11:34:09","slug":"about","status":"publish","type":"page","link":"https:\/\/soziokultur-duisburg.de\/2021-wp\/about\/","title":{"rendered":"ABOUT"},"content":{"rendered":"\t\t<div data-elementor-type=\"wp-page\" data-elementor-id=\"1594\" class=\"elementor elementor-1594\">\n\t\t\t\t\t\t\t\t\t<section class=\"elementor-section elementor-top-section elementor-element elementor-element-e3c28e0 elementor-section-boxed elementor-section-height-default elementor-section-height-default\" data-id=\"e3c28e0\" data-element_type=\"section\">\n\t\t\t\t\t\t<div class=\"elementor-container elementor-column-gap-default\">\n\t\t\t\t\t<div class=\"elementor-column elementor-col-100 elementor-top-column elementor-element elementor-element-cd39d98\" data-id=\"cd39d98\" data-element_type=\"column\">\n\t\t\t<div class=\"elementor-widget-wrap elementor-element-populated\">\n\t\t\t\t\t\t\t\t<div class=\"elementor-element elementor-element-4ede60c elementor-widget elementor-widget-text-editor\" data-id=\"4ede60c\" data-element_type=\"widget\" data-widget_type=\"text-editor.default\">\n\t\t\t\t<div class=\"elementor-widget-container\">\n\t\t\t<style>\/*! elementor - v3.6.7 - 03-07-2022 *\/\n.elementor-widget-text-editor.elementor-drop-cap-view-stacked .elementor-drop-cap{background-color:#818a91;color:#fff}.elementor-widget-text-editor.elementor-drop-cap-view-framed .elementor-drop-cap{color:#818a91;border:3px solid;background-color:transparent}.elementor-widget-text-editor:not(.elementor-drop-cap-view-default) .elementor-drop-cap{margin-top:8px}.elementor-widget-text-editor:not(.elementor-drop-cap-view-default) .elementor-drop-cap-letter{width:1em;height:1em}.elementor-widget-text-editor .elementor-drop-cap{float:left;text-align:center;line-height:1;font-size:50px}.elementor-widget-text-editor .elementor-drop-cap-letter{display:inline-block}<\/style>\t\t\t\t<p>2020 erhielten wir die M\u00f6glichkeit, mittels einer dreij\u00e4hrigen Konzeptf\u00f6rderung der LAG Soziokultur NRW (aus Mitteln des Landes NRW) f\u00fcr den Lokal Harmonie e.V. unsere Arbeit f\u00fcr \u201eSoziokultur f\u00fcr Duisburg\u201c zu intensivieren. Wir schlossen uns hierf\u00fcr zur \u201eTriangel\u201c zusammen und sind seither in dieser Form gemeinsam aktiv.<\/p><p>Ein Ergebnis unserer Arbeit ist diese Website, auf der wir unseren Aktivit\u00e4ten zu mehr Sichtbarkeit verhelfen wollen. Es wird von bereits Begonnenem erz\u00e4hlt, \u00fcber Gegenw\u00e4rtiges berichtet und \u00fcber Zuk\u00fcnftiges nachgedacht.<\/p><h3><strong>Die Triangel:<\/strong><\/h3><p>Das <strong>Lokal Harmonie<\/strong><br \/>Seit 2008 ein sich immer wieder wandelnder Raum f\u00fcr Gedankenentwicklung und f\u00fcr k\u00fcnstlerische und soziokulturelle Produktionen und Veranstaltungen im Hafenstadtteil\/Kreativquartier Duisburg-Ruhrort.<br \/>Konzeptions- &amp; Programmort; Theorie- &amp; Theater-Raum; Spielort f\u00fcr zeitgen\u00f6ssische Musik, Klangkunst und H\u00f6rspiel; Produktions- &amp; Veranstaltungsort f\u00fcr interdisziplin\u00e4re Performances; Produktions- und Ausstellungsraum f\u00fcr fotografische, filmische und bildende K\u00fcnste; Lokal f\u00fcr feministische Begegnung, Reflexion und Propaganda; Ort des Austauschs und der Transformation f\u00fcr LSBTIQ*-Personen; Keimzelle f\u00fcr soziale, (inter-)kulturelle und (kultur-)politische Konzeption und Aktion; kulturelle Kraftzentrale des Kreativquartiers Ruhrort.<\/p><ul><li>Harmoniestra\u00dfe 41 \u2022 47119 Duisburg-Ruhrort<\/li><li>kontakt[at]lokal-harmonie.de \/ <a href=\"https:\/\/www.lokal-harmonie.de\/\" target=\"_blank\" rel=\"noopener\">www.lokal-harmonie.de<\/a><\/li><\/ul><p>Das <strong>Soziokulturelle Zentrum Stapeltor<\/strong><br \/>Das STAPELTOR ist Duisburgs frisch erschlossenes soziokulturelles Zentrum im Herzen der Stadt. Ein ehemaliges Textilkaufhaus wird zum Ort f\u00fcr Alle: W\u00e4hrend das Untergeschoss bereits im Veranstaltungsbetrieb brodelt, wird im Obergeschoss aktuell noch gebaut. Das Stapeltor wird vom 47 e.V. getragen, dessen Mitglieder w\u00e4hrend der Pandemie den Umbau der R\u00e4umlichkeiten gewuppt haben und sich nun seit der Er\u00f6ffnung im September 2021 um einen konzeptionellen Mix aus Eigenprogramm und kultureller Teilhabe durch Nachbar*innen und der freien Kulturszene bem\u00fcht.<\/p><ul><li>Stapeltor 6 \u2022 47051 Duisburg-Mitte<\/li><li>info[at]stapeltor.de \/ <a href=\"http:\/\/www.stapeltor.de\/\" target=\"_blank\" rel=\"noopener\">www.stapeltor.de<\/a><\/li><\/ul><p><strong>KUNST- UND KULTURSTUDIEN DUISBURG E.V. \/ KUKST DU<\/strong><\/p><p>KUKST DU ist ein gemeinn\u00fctziger Verein, dessen Name f\u00fcr Kunst- und Kulturstudien Duisburg steht. Wir haben uns das Ziel gesetzt, mithilfe unserer eigenen Erfahrungen, Kompetenzen und Ideen, die kulturelle Landschaft \u2013 insbesondere in Duisburg, aber auch dar\u00fcber hinaus \u2013 aktiv mitzugestalten. Das gilt f\u00fcr Vergangenheit, Gegenwart und Zukunft:\u00a0 Die Geschichten der Immigrant*innen und anderer marginalisierter Gruppen in die Stadt- und Landesgeschichte einschreiben, jetzt eine Realit\u00e4t der Kulturproduktion sein und damit bessere Bedingungen f\u00fcr die Zukunft zu schaffen.<br \/>Wir wollen unseren eigenen, den diversen Lebensrealit\u00e4ten der Stadtgesellschaft und der Menschen, mit denen wir zusammenarbeiten und in Zukunft zusammenarbeiten m\u00f6chten, eine Plattform bieten und sie st\u00e4rken. Diese Plattform ist mobil und dockt immer wieder an Kunst- und Kulturorte im analogen und digitalen Duisburg an.<\/p><ul><li>kukst.du[at]outlook.de \/ <a href=\"http:\/\/www.kukstdu.de\" target=\"_blank\" rel=\"noopener\">www.kukstdu.de<\/a><\/li><\/ul>\t\t\t\t\t\t<\/div>\n\t\t\t\t<\/div>\n\t\t\t\t\t<\/div>\n\t\t<\/div>\n\t\t\t\t\t\t\t<\/div>\n\t\t<\/section>\n\t\t\t\t<section class=\"elementor-section elementor-top-section elementor-element elementor-element-00fbbaa elementor-section-boxed elementor-section-height-default elementor-section-height-default\" data-id=\"00fbbaa\" data-element_type=\"section\">\n\t\t\t\t\t\t<div class=\"elementor-container elementor-column-gap-default\">\n\t\t\t\t\t<div class=\"elementor-column elementor-col-100 elementor-top-column elementor-element elementor-element-a888d52\" data-id=\"a888d52\" data-element_type=\"column\">\n\t\t\t<div class=\"elementor-widget-wrap elementor-element-populated\">\n\t\t\t\t\t\t\t\t<div class=\"elementor-element elementor-element-8664ab9 elementor-widget-divider--view-line elementor-widget elementor-widget-divider\" data-id=\"8664ab9\" data-element_type=\"widget\" data-widget_type=\"divider.default\">\n\t\t\t\t<div class=\"elementor-widget-container\">\n\t\t\t<style>\/*! elementor - v3.6.7 - 03-07-2022 *\/\n.elementor-widget-divider{--divider-border-style:none;--divider-border-width:1px;--divider-color:#2c2c2c;--divider-icon-size:20px;--divider-element-spacing:10px;--divider-pattern-height:24px;--divider-pattern-size:20px;--divider-pattern-url:none;--divider-pattern-repeat:repeat-x}.elementor-widget-divider .elementor-divider{display:-webkit-box;display:-ms-flexbox;display:flex}.elementor-widget-divider .elementor-divider__text{font-size:15px;line-height:1;max-width:95%}.elementor-widget-divider .elementor-divider__element{margin:0 var(--divider-element-spacing);-ms-flex-negative:0;flex-shrink:0}.elementor-widget-divider .elementor-icon{font-size:var(--divider-icon-size)}.elementor-widget-divider .elementor-divider-separator{display:-webkit-box;display:-ms-flexbox;display:flex;margin:0;direction:ltr}.elementor-widget-divider--view-line_icon .elementor-divider-separator,.elementor-widget-divider--view-line_text .elementor-divider-separator{-webkit-box-align:center;-ms-flex-align:center;align-items:center}.elementor-widget-divider--view-line_icon .elementor-divider-separator:after,.elementor-widget-divider--view-line_icon .elementor-divider-separator:before,.elementor-widget-divider--view-line_text .elementor-divider-separator:after,.elementor-widget-divider--view-line_text .elementor-divider-separator:before{display:block;content:\"\";border-bottom:0;-webkit-box-flex:1;-ms-flex-positive:1;flex-grow:1;border-top:var(--divider-border-width) var(--divider-border-style) var(--divider-color)}.elementor-widget-divider--element-align-left .elementor-divider .elementor-divider-separator>.elementor-divider__svg:first-of-type{-webkit-box-flex:0;-ms-flex-positive:0;flex-grow:0;-ms-flex-negative:100;flex-shrink:100}.elementor-widget-divider--element-align-left .elementor-divider-separator:before{content:none}.elementor-widget-divider--element-align-left .elementor-divider__element{margin-left:0}.elementor-widget-divider--element-align-right .elementor-divider .elementor-divider-separator>.elementor-divider__svg:last-of-type{-webkit-box-flex:0;-ms-flex-positive:0;flex-grow:0;-ms-flex-negative:100;flex-shrink:100}.elementor-widget-divider--element-align-right .elementor-divider-separator:after{content:none}.elementor-widget-divider--element-align-right .elementor-divider__element{margin-right:0}.elementor-widget-divider:not(.elementor-widget-divider--view-line_text):not(.elementor-widget-divider--view-line_icon) .elementor-divider-separator{border-top:var(--divider-border-width) var(--divider-border-style) var(--divider-color)}.elementor-widget-divider--separator-type-pattern{--divider-border-style:none}.elementor-widget-divider--separator-type-pattern.elementor-widget-divider--view-line .elementor-divider-separator,.elementor-widget-divider--separator-type-pattern:not(.elementor-widget-divider--view-line) .elementor-divider-separator:after,.elementor-widget-divider--separator-type-pattern:not(.elementor-widget-divider--view-line) .elementor-divider-separator:before,.elementor-widget-divider--separator-type-pattern:not([class*=elementor-widget-divider--view]) .elementor-divider-separator{width:100%;min-height:var(--divider-pattern-height);-webkit-mask-size:var(--divider-pattern-size) 100%;mask-size:var(--divider-pattern-size) 100%;-webkit-mask-repeat:var(--divider-pattern-repeat);mask-repeat:var(--divider-pattern-repeat);background-color:var(--divider-color);-webkit-mask-image:var(--divider-pattern-url);mask-image:var(--divider-pattern-url)}.elementor-widget-divider--no-spacing{--divider-pattern-size:auto}.elementor-widget-divider--bg-round{--divider-pattern-repeat:round}.rtl .elementor-widget-divider .elementor-divider__text{direction:rtl}<\/style>\t\t<div class=\"elementor-divider\">\n\t\t\t<span class=\"elementor-divider-separator\">\n\t\t\t\t\t\t<\/span>\n\t\t<\/div>\n\t\t\t\t<\/div>\n\t\t\t\t<\/div>\n\t\t\t\t\t<\/div>\n\t\t<\/div>\n\t\t\t\t\t\t\t<\/div>\n\t\t<\/section>\n\t\t\t\t<section class=\"elementor-section elementor-top-section elementor-element elementor-element-30357af elementor-section-boxed elementor-section-height-default elementor-section-height-default\" data-id=\"30357af\" data-element_type=\"section\">\n\t\t\t\t\t\t<div class=\"elementor-container elementor-column-gap-default\">\n\t\t\t\t\t<div class=\"elementor-column elementor-col-100 elementor-top-column elementor-element elementor-element-825327e\" data-id=\"825327e\" data-element_type=\"column\">\n\t\t\t<div class=\"elementor-widget-wrap elementor-element-populated\">\n\t\t\t\t\t\t\t\t<div class=\"elementor-element elementor-element-b6b2ec9 elementor-widget elementor-widget-text-editor\" data-id=\"b6b2ec9\" data-element_type=\"widget\" data-widget_type=\"text-editor.default\">\n\t\t\t\t<div class=\"elementor-widget-container\">\n\t\t\t\t\t\t\t<h2>Woher, wohin, wolang?<\/h2>\t\t\t\t\t\t<\/div>\n\t\t\t\t<\/div>\n\t\t\t\t\t<\/div>\n\t\t<\/div>\n\t\t\t\t\t\t\t<\/div>\n\t\t<\/section>\n\t\t\t\t<section class=\"elementor-section elementor-top-section elementor-element elementor-element-bdae228 elementor-section-boxed elementor-section-height-default elementor-section-height-default\" data-id=\"bdae228\" data-element_type=\"section\">\n\t\t\t\t\t\t<div class=\"elementor-container elementor-column-gap-default\">\n\t\t\t\t\t<div class=\"elementor-column elementor-col-100 elementor-top-column elementor-element elementor-element-596aaf6\" data-id=\"596aaf6\" data-element_type=\"column\">\n\t\t\t<div class=\"elementor-widget-wrap elementor-element-populated\">\n\t\t\t\t\t\t\t\t<div class=\"elementor-element elementor-element-2ae8be2 elementor-widget elementor-widget-text-editor\" data-id=\"2ae8be2\" data-element_type=\"widget\" data-widget_type=\"text-editor.default\">\n\t\t\t\t<div class=\"elementor-widget-container\">\n\t\t\t\t\t\t\t<p><em>\u201eDuisburg w\u00e4re im Grunde der spannendste Ort im Ruhrgebiet. Ist aber der ungl\u00fccklichste.\u201c<\/em><\/p><p>Dies befand 2018 Prof. Roland G\u00fcnther im von uns produzierten Film =&gt; \u201eDystopolie\u201c (<a href=\"https:\/\/dasgrauegegenteil.de\/\" target=\"_blank\" rel=\"noopener\">LINK: Web<\/a>), dessen Zitat unsere kleine Zeitreise einleiten darf.<\/p><ul><li>ungl\u00fcckliche Marketing-Kampagnen \u00fcbert\u00fcnchen die Ideenlosigkeit einer Stadtpolitik von gestern. Kulturelle Stagnation, lieblose Verwertung der Innenstadt und rassistische Verdr\u00e4ngung unerw\u00fcnschter Bev\u00f6lkerungsgruppen.<\/li><li>spannend sind in Duisburg vor allem die hier lebenden und arbeitenden Menschen mit diversen Herk\u00fcnften, Erfahrungen und Lebensrealit\u00e4ten. Ihre Engagements in unterschiedlichsten sozialen, politischen und kulturellen Gruppen und Initiativen sind unserer Ansicht nach alle auf ihre Weise von sozio-kultureller Bedeutung f\u00fcr die Vergangenheit, Gegenwart und Zukunft unserer Stadt. Mit mehr Soziokultur f\u00fcr Duisburg wollen wir dieser Vielfalt eine B\u00fchne bieten und solidarisch f\u00fcr kulturelle Teilhabe und Repr\u00e4sentation eintreten.<\/li><\/ul><p>Als in und f\u00fcr Duisburg engagierte Kulturschaffende und Aktivist*innen arbeiten wir bereits seit vielen Jahren in unterschiedlichen Kontexten zusammen &#8211; 2015 bis 2020 besonders intensiv und mit langem strategischem Atem in der Initiative \u201eDU erh\u00e4lt(st) Kultur\u201c (<a href=\"http:\/\/www.du-kultur.de\" target=\"_blank\" rel=\"noopener\">LINK: Web<\/a>). Wir mischten uns kritisch und zugleich konstruktiv in stadt- und kultur-politische Prozesse ein und beteiligten uns an der Erarbeitung eines kommunalen Kulturentwicklungsplans, um aus der Forderung nach einem Soziokulturellen Zentrum endlich eine reale politische M\u00f6glichkeit zu machen.<\/p><p>Nach der Schlie\u00dfung des \u201eEschhaus\u201c Ende der 80er Jahre und dem Ende der \u201eFabrik\u201c in Neudorf 2003 (<a href=\"https:\/\/www.mustermensch.org\/retrospektive\/\" target=\"_blank\" rel=\"noopener\">LINK: mustermensch.org<\/a>) wurde es lange Zeit still um die Soziokultur in der nicht-mehr-ganz-halbe-Millionen-Stadt Duisburg. Nach der Gr\u00fcndung des Vereins \u201eMustermensch e.V.\u201c (2005) entstand f\u00fcr ein paar Monate die selbstorganisierte Freiraum-Kneipe \u201eT5\u201c (2008) \u2013 das nach nur einigen Monaten von der Stadt wegen fehlender Genehmigungen und mangelnder Parkpl\u00e4tze geschlossen wurde. Angesto\u00dfen durch die Freiraumkampagne \u201eDUityourself\u201c (2011) und den Stadteil- und Projektladen \u201eSyntopia\u201c in Hochfeld (seit 2014), wurde die Forderung nach einem Soziokulturellen Zentrum immer wieder mit Nachttanzdemos auf der Stra\u00dfe getragen. Es wurden H\u00e4user besetzt, Gespr\u00e4che gef\u00fchrt und Konzepte geschrieben. Doch weder in der leerstehenden Alten Feuerwache in Hochfeld noch irgendwo sonst wollte die Stadt R\u00e4ume hergeben. Das Papier des Kulturentwicklungsplans der Stadt (2016) war noch einige Jahre geduldig.<\/p><p>Nach erneut erfolglosen Versuchen, die als Soziokulturelles Zentrum vorgesehene Alte Feuerwache aus ihrem Leerstand zu befreien \u2013 und der st\u00e4dtischen Entscheidung, doch lieber 2,1 Millionen Euro F\u00f6rdermittel zur\u00fcckzuzahlen &#8211; griffen einige Gruppen die langj\u00e4hrige Forderung erneut auf und gr\u00fcndeten das tempor\u00e4re Ladenprojekt \u201e47\u201c in der Altstadt (<a href=\"https:\/\/vimeo.com\/337738190\" target=\"_blank\" rel=\"noopener\">LINK: vimeo<\/a>). Von dort aus, sind wir schlie\u00dflich kurz vor der Pandemie Ende 2019 im STAPELTOR gelandet. Und auch anderswo ist viel passiert: Das DJ\u00e4zz musste schlie\u00dfen und das Ladenprojekt \u201eRoter Stern Ruhrort\u201c ist in die Innenstadt umgezogen. Das \u201eSyntopia\u201c hat wieder regelm\u00e4\u00dfig ge\u00f6ffnet und nebenan entsteht das \u201eZentrum f\u00fcr Kultur Hochfeld\u201c. Von hier an ist Gegenwart und will erlebt und gemacht werden, bevor erz\u00e4hlt werden kann.<\/p><p>Wir stehen in solidarischem Kontakt und werden uns weiter f\u00fcr eine Strukturf\u00f6rderung soziokultureller Orte auf kommunaler, Landes- und Bundesebene einsetzen &#8211; und von unseren Orten aus an einer pluralen Gesellschaft ohne Ausbeutung und Diskriminierung arbeiten.<\/p>\t\t\t\t\t\t<\/div>\n\t\t\t\t<\/div>\n\t\t\t\t\t<\/div>\n\t\t<\/div>\n\t\t\t\t\t\t\t<\/div>\n\t\t<\/section>\n\t\t\t\t\t\t\t<\/div>\n\t\t","protected":false},"excerpt":{"rendered":"<p>2020 erhielten wir die M\u00f6glichkeit, mittels einer dreij\u00e4hrigen Konzeptf\u00f6rderung der LAG Soziokultur NRW (aus Mitteln des Landes NRW) f\u00fcr den Lokal Harmonie e.V. unsere Arbeit f\u00fcr \u201eSoziokultur f\u00fcr Duisburg\u201c zu intensivieren. Wir schlossen uns hierf\u00fcr zur \u201eTriangel\u201c zusammen und sind seither in dieser Form gemeinsam aktiv. Ein Ergebnis unserer Arbeit ist diese Website, auf der &hellip; <a href=\"https:\/\/soziokultur-duisburg.de\/2021-wp\/about\/\" class=\"more-link\"><span class=\"screen-reader-text\">ABOUT<\/span> weiterlesen<\/a><\/p>\n","protected":false},"author":1,"featured_media":0,"parent":0,"menu_order":0,"comment_status":"closed","ping_status":"closed","template":"","meta":[],"_links":{"self":[{"href":"https:\/\/soziokultur-duisburg.de\/2021-wp\/wp-json\/wp\/v2\/pages\/1594"}],"collection":[{"href":"https:\/\/soziokultur-duisburg.de\/2021-wp\/wp-json\/wp\/v2\/pages"}],"about":[{"href":"https:\/\/soziokultur-duisburg.de\/2021-wp\/wp-json\/wp\/v2\/types\/page"}],"author":[{"embeddable":true,"href":"https:\/\/soziokultur-duisburg.de\/2021-wp\/wp-json\/wp\/v2\/users\/1"}],"replies":[{"embeddable":true,"href":"https:\/\/soziokultur-duisburg.de\/2021-wp\/wp-json\/wp\/v2\/comments?post=1594"}],"version-history":[{"count":4,"href":"https:\/\/soziokultur-duisburg.de\/2021-wp\/wp-json\/wp\/v2\/pages\/1594\/revisions"}],"predecessor-version":[{"id":1598,"href":"https:\/\/soziokultur-duisburg.de\/2021-wp\/wp-json\/wp\/v2\/pages\/1594\/revisions\/1598"}],"wp:attachment":[{"href":"https:\/\/soziokultur-duisburg.de\/2021-wp\/wp-json\/wp\/v2\/media?parent=1594"}],"curies":[{"name":"wp","href":"https:\/\/api.w.org\/{rel}","templated":true}]}}