{"id":19,"date":"2021-10-04T19:52:08","date_gmt":"2021-10-04T17:52:08","guid":{"rendered":"https:\/\/soziokultur-duisburg.de\/2021-wp\/?page_id=19"},"modified":"2024-07-15T17:21:38","modified_gmt":"2024-07-15T15:21:38","slug":"minimegazine","status":"publish","type":"page","link":"https:\/\/soziokultur-duisburg.de\/2021-wp\/minimegazine\/","title":{"rendered":"MiniMegaZine"},"content":{"rendered":"\t\t<div data-elementor-type=\"wp-page\" data-elementor-id=\"19\" class=\"elementor elementor-19\">\n\t\t\t\t\t\t\t\t\t<section class=\"elementor-section elementor-top-section elementor-element elementor-element-4fbf4d9 elementor-section-boxed elementor-section-height-default elementor-section-height-default\" data-id=\"4fbf4d9\" data-element_type=\"section\">\n\t\t\t\t\t\t<div class=\"elementor-container elementor-column-gap-default\">\n\t\t\t\t\t<div class=\"elementor-column elementor-col-100 elementor-top-column elementor-element elementor-element-1a26a25\" data-id=\"1a26a25\" data-element_type=\"column\">\n\t\t\t<div class=\"elementor-widget-wrap elementor-element-populated\">\n\t\t\t\t\t\t\t\t<div class=\"elementor-element elementor-element-16e7df1 elementor-widget elementor-widget-text-editor\" data-id=\"16e7df1\" data-element_type=\"widget\" data-widget_type=\"text-editor.default\">\n\t\t\t\t<div class=\"elementor-widget-container\">\n\t\t\t<style>\/*! elementor - v3.6.7 - 03-07-2022 *\/\n.elementor-widget-text-editor.elementor-drop-cap-view-stacked .elementor-drop-cap{background-color:#818a91;color:#fff}.elementor-widget-text-editor.elementor-drop-cap-view-framed .elementor-drop-cap{color:#818a91;border:3px solid;background-color:transparent}.elementor-widget-text-editor:not(.elementor-drop-cap-view-default) .elementor-drop-cap{margin-top:8px}.elementor-widget-text-editor:not(.elementor-drop-cap-view-default) .elementor-drop-cap-letter{width:1em;height:1em}.elementor-widget-text-editor .elementor-drop-cap{float:left;text-align:center;line-height:1;font-size:50px}.elementor-widget-text-editor .elementor-drop-cap-letter{display:inline-block}<\/style>\t\t\t\t<p>Teller leer? Nur noch Kr\u00fcmel f\u00fcr Alle? Quatsch! Der Sozio-Kuchen wird auch in Duisburg geknetet. Das Minimegazine folgt dem Duft der k\u00f6stlichen, sozio-kulturellen Zutaten, innerhalb und au\u00dferhalb unserer Tellerr\u00e4nder. Das Minimegazine ist ein echtes Fanzine, eine kleine selbstgemachte Zeitschrift aus Papier und widmet sich naheliegenden Themen aus dem weiten Feld der Soziokultur. F\u00fcnf Minimegazines entstehen mit dem Plan, den Teller zu f\u00fcllen. Und dar\u00fcber hinaus: schlie\u00dflich wollen wir mehr als nur Kr\u00fcmel, sogar mehr als nur Kuchen.<\/p><p>Noch ist nicht alles in Zucker, vieles schmeckt uns nicht. Es muss noch Einiges gehexelt, gehackt, ger\u00fchrt und probiert werden, bis der Tisch uns geh\u00f6rt. Das MMZ liegt an vielen Orten der Sozio- und Kultur-Kultur gratis aus und kann einfach mitgenommen und weiterverschenkt werden. Das Minimegazine ist ein gemeinsames Projekt von Stapeltor, Lokal Harmonie und KUKSTDU e.V. und allen beteiligten Initiativen und Autor:innen. Darum auch vielen Dank an alle, die an den Minimegazines mitwirken. Ohne Euch w\u00fcrde es den Sozio-Kuchen gar nicht geben!<\/p><p><strong>Wir z\u00e4hlen runter:<\/strong><\/p>\t\t\t\t\t\t<\/div>\n\t\t\t\t<\/div>\n\t\t\t\t\t<\/div>\n\t\t<\/div>\n\t\t\t\t\t\t\t<\/div>\n\t\t<\/section>\n\t\t\t\t<section class=\"elementor-section elementor-top-section elementor-element elementor-element-cb6d16b elementor-section-boxed elementor-section-height-default elementor-section-height-default\" data-id=\"cb6d16b\" data-element_type=\"section\">\n\t\t\t\t\t\t<div class=\"elementor-container elementor-column-gap-default\">\n\t\t\t\t\t<div class=\"elementor-column elementor-col-33 elementor-top-column elementor-element elementor-element-e0be9fd\" data-id=\"e0be9fd\" data-element_type=\"column\">\n\t\t\t<div class=\"elementor-widget-wrap elementor-element-populated\">\n\t\t\t\t\t\t\t\t<div class=\"elementor-element elementor-element-b246b61 elementor-widget elementor-widget-image\" data-id=\"b246b61\" data-element_type=\"widget\" data-widget_type=\"image.default\">\n\t\t\t\t<div class=\"elementor-widget-container\">\n\t\t\t<style>\/*! elementor - v3.6.7 - 03-07-2022 *\/\n.elementor-widget-image{text-align:center}.elementor-widget-image a{display:inline-block}.elementor-widget-image a img[src$=\".svg\"]{width:48px}.elementor-widget-image img{vertical-align:middle;display:inline-block}<\/style>\t\t\t\t\t\t\t\t\t\t\t\t\t<a href=\"https:\/\/soziokultur-duisburg.de\/2021-wp\/wp-content\/uploads\/2024\/07\/minimegaZine-01.pdf\" target=\"_blank\">\n\t\t\t\t\t\t\t<img decoding=\"async\" width=\"660\" height=\"928\" src=\"https:\/\/soziokultur-duisburg.de\/2021-wp\/wp-content\/uploads\/2024\/07\/minimegazin-1_Cover.jpg\" class=\"attachment-large size-large\" alt=\"\" loading=\"lazy\" srcset=\"https:\/\/soziokultur-duisburg.de\/2021-wp\/wp-content\/uploads\/2024\/07\/minimegazin-1_Cover.jpg 728w, https:\/\/soziokultur-duisburg.de\/2021-wp\/wp-content\/uploads\/2024\/07\/minimegazin-1_Cover-213x300.jpg 213w\" sizes=\"(max-width: 660px) 100vw, 660px\" \/>\t\t\t\t\t\t\t\t<\/a>\n\t\t\t\t\t\t\t\t\t\t\t\t\t\t\t<\/div>\n\t\t\t\t<\/div>\n\t\t\t\t\t<\/div>\n\t\t<\/div>\n\t\t\t\t<div class=\"elementor-column elementor-col-33 elementor-top-column elementor-element elementor-element-5a7c374\" data-id=\"5a7c374\" data-element_type=\"column\">\n\t\t\t<div class=\"elementor-widget-wrap\">\n\t\t\t\t\t\t\t\t\t<\/div>\n\t\t<\/div>\n\t\t\t\t<div class=\"elementor-column elementor-col-33 elementor-top-column elementor-element elementor-element-958f975\" data-id=\"958f975\" data-element_type=\"column\">\n\t\t\t<div class=\"elementor-widget-wrap elementor-element-populated\">\n\t\t\t\t\t\t\t\t<div class=\"elementor-element elementor-element-e3bb2e9 elementor-widget elementor-widget-text-editor\" data-id=\"e3bb2e9\" data-element_type=\"widget\" data-widget_type=\"text-editor.default\">\n\t\t\t\t<div class=\"elementor-widget-container\">\n\t\t\t\t\t\t\t<p><a href=\"https:\/\/soziokultur-duisburg.de\/2021-wp\/wp-content\/uploads\/2024\/07\/minimegaZine-01.pdf\" target=\"_blank\" rel=\"noopener\">minimegazine <strong>No1<\/strong><em><br \/>\u2013 das Fanmagazin f\u00fcr die Soziokultur<\/em><\/a><\/p>\t\t\t\t\t\t<\/div>\n\t\t\t\t<\/div>\n\t\t\t\t\t<\/div>\n\t\t<\/div>\n\t\t\t\t\t\t\t<\/div>\n\t\t<\/section>\n\t\t\t\t<section class=\"elementor-section elementor-top-section elementor-element elementor-element-0e06b63 elementor-section-boxed elementor-section-height-default elementor-section-height-default\" data-id=\"0e06b63\" data-element_type=\"section\">\n\t\t\t\t\t\t<div class=\"elementor-container elementor-column-gap-default\">\n\t\t\t\t\t<div class=\"elementor-column elementor-col-33 elementor-top-column elementor-element elementor-element-aceef8f\" data-id=\"aceef8f\" data-element_type=\"column\">\n\t\t\t<div class=\"elementor-widget-wrap elementor-element-populated\">\n\t\t\t\t\t\t\t\t<div class=\"elementor-element elementor-element-6436750 elementor-widget elementor-widget-image\" data-id=\"6436750\" data-element_type=\"widget\" data-widget_type=\"image.default\">\n\t\t\t\t<div class=\"elementor-widget-container\">\n\t\t\t\t\t\t\t\t\t\t\t\t\t\t\t\t<a href=\"https:\/\/soziokultur-duisburg.de\/2021-wp\/wp-content\/uploads\/2023\/01\/MMZ-no2.pdf\" target=\"_blank\">\n\t\t\t\t\t\t\t<img decoding=\"async\" width=\"660\" height=\"928\" src=\"https:\/\/soziokultur-duisburg.de\/2021-wp\/wp-content\/uploads\/2023\/01\/minimegazin-2_Cover.jpg\" class=\"attachment-large size-large\" alt=\"\" loading=\"lazy\" srcset=\"https:\/\/soziokultur-duisburg.de\/2021-wp\/wp-content\/uploads\/2023\/01\/minimegazin-2_Cover.jpg 728w, https:\/\/soziokultur-duisburg.de\/2021-wp\/wp-content\/uploads\/2023\/01\/minimegazin-2_Cover-213x300.jpg 213w\" sizes=\"(max-width: 660px) 100vw, 660px\" \/>\t\t\t\t\t\t\t\t<\/a>\n\t\t\t\t\t\t\t\t\t\t\t\t\t\t\t<\/div>\n\t\t\t\t<\/div>\n\t\t\t\t\t<\/div>\n\t\t<\/div>\n\t\t\t\t<div class=\"elementor-column elementor-col-33 elementor-top-column elementor-element elementor-element-2e4c504\" data-id=\"2e4c504\" data-element_type=\"column\">\n\t\t\t<div class=\"elementor-widget-wrap\">\n\t\t\t\t\t\t\t\t\t<\/div>\n\t\t<\/div>\n\t\t\t\t<div class=\"elementor-column elementor-col-33 elementor-top-column elementor-element elementor-element-440f1d7\" data-id=\"440f1d7\" data-element_type=\"column\">\n\t\t\t<div class=\"elementor-widget-wrap elementor-element-populated\">\n\t\t\t\t\t\t\t\t<div class=\"elementor-element elementor-element-f6dd80c elementor-widget elementor-widget-text-editor\" data-id=\"f6dd80c\" data-element_type=\"widget\" data-widget_type=\"text-editor.default\">\n\t\t\t\t<div class=\"elementor-widget-container\">\n\t\t\t\t\t\t\t<p><a href=\"https:\/\/soziokultur-duisburg.de\/2021-wp\/wp-content\/uploads\/2023\/01\/MMZ-no2.pdf\" target=\"_blank\" rel=\"noopener\">minimegazine <strong>No2<\/strong><em><br \/>\u2013 das Fanmagazin f\u00fcr die Soziokultur<\/em><\/a><\/p>\t\t\t\t\t\t<\/div>\n\t\t\t\t<\/div>\n\t\t\t\t\t<\/div>\n\t\t<\/div>\n\t\t\t\t\t\t\t<\/div>\n\t\t<\/section>\n\t\t\t\t<section class=\"elementor-section elementor-top-section elementor-element elementor-element-a0827a0 elementor-section-boxed elementor-section-height-default elementor-section-height-default\" data-id=\"a0827a0\" data-element_type=\"section\" data-settings=\"{&quot;background_background&quot;:&quot;classic&quot;}\">\n\t\t\t\t\t\t<div class=\"elementor-container elementor-column-gap-default\">\n\t\t\t\t\t<div class=\"elementor-column elementor-col-33 elementor-top-column elementor-element elementor-element-c98068c\" data-id=\"c98068c\" data-element_type=\"column\" data-settings=\"{&quot;background_background&quot;:&quot;classic&quot;}\">\n\t\t\t<div class=\"elementor-widget-wrap elementor-element-populated\">\n\t\t\t\t\t\t\t\t<div class=\"elementor-element elementor-element-bedbc9c elementor-widget elementor-widget-image\" data-id=\"bedbc9c\" data-element_type=\"widget\" data-widget_type=\"image.default\">\n\t\t\t\t<div class=\"elementor-widget-container\">\n\t\t\t\t\t\t\t\t\t\t\t\t\t\t\t\t<a href=\"https:\/\/soziokultur-duisburg.de\/2021-wp\/wp-content\/uploads\/2022\/12\/MMZ2Mitmach_Aufruf.pdf\" target=\"_blank\">\n\t\t\t\t\t\t\t<img decoding=\"async\" width=\"660\" height=\"933\" src=\"https:\/\/soziokultur-duisburg.de\/2021-wp\/wp-content\/uploads\/2022\/12\/MMZ2Mitmach_Aufruf-pdf-724x1024-1.jpg\" class=\"attachment-large size-large\" alt=\"\" loading=\"lazy\" srcset=\"https:\/\/soziokultur-duisburg.de\/2021-wp\/wp-content\/uploads\/2022\/12\/MMZ2Mitmach_Aufruf-pdf-724x1024-1.jpg 724w, https:\/\/soziokultur-duisburg.de\/2021-wp\/wp-content\/uploads\/2022\/12\/MMZ2Mitmach_Aufruf-pdf-724x1024-1-212x300.jpg 212w\" sizes=\"(max-width: 660px) 100vw, 660px\" \/>\t\t\t\t\t\t\t\t<\/a>\n\t\t\t\t\t\t\t\t\t\t\t\t\t\t\t<\/div>\n\t\t\t\t<\/div>\n\t\t\t\t\t<\/div>\n\t\t<\/div>\n\t\t\t\t<div class=\"elementor-column elementor-col-33 elementor-top-column elementor-element elementor-element-2b51ecc\" data-id=\"2b51ecc\" data-element_type=\"column\" data-settings=\"{&quot;background_background&quot;:&quot;classic&quot;}\">\n\t\t\t<div class=\"elementor-widget-wrap\">\n\t\t\t\t\t\t\t\t\t<\/div>\n\t\t<\/div>\n\t\t\t\t<div class=\"elementor-column elementor-col-33 elementor-top-column elementor-element elementor-element-c7acf1a\" data-id=\"c7acf1a\" data-element_type=\"column\">\n\t\t\t<div class=\"elementor-widget-wrap elementor-element-populated\">\n\t\t\t\t\t\t\t\t<div class=\"elementor-element elementor-element-44ae6fe elementor-widget elementor-widget-text-editor\" data-id=\"44ae6fe\" data-element_type=\"widget\" data-widget_type=\"text-editor.default\">\n\t\t\t\t<div class=\"elementor-widget-container\">\n\t\t\t\t\t\t\t<p><a href=\"https:\/\/soziokultur-duisburg.de\/2021-wp\/wp-content\/uploads\/2022\/12\/MMZ2Mitmach_Aufruf.pdf\" target=\"_blank\" rel=\"noopener\">minimegazine <strong>No2<br \/>\u2014 MACH MIT<br \/><\/strong><\/a><br \/><br \/><em>mehr Infos<\/em><\/p>\t\t\t\t\t\t<\/div>\n\t\t\t\t<\/div>\n\t\t\t\t\t<\/div>\n\t\t<\/div>\n\t\t\t\t\t\t\t<\/div>\n\t\t<\/section>\n\t\t\t\t<section class=\"elementor-section elementor-top-section elementor-element elementor-element-e274be0 elementor-section-boxed elementor-section-height-default elementor-section-height-default\" data-id=\"e274be0\" data-element_type=\"section\">\n\t\t\t\t\t\t<div class=\"elementor-container elementor-column-gap-default\">\n\t\t\t\t\t<div class=\"elementor-column elementor-col-33 elementor-top-column elementor-element elementor-element-6af820d\" data-id=\"6af820d\" data-element_type=\"column\">\n\t\t\t<div class=\"elementor-widget-wrap elementor-element-populated\">\n\t\t\t\t\t\t\t\t<div class=\"elementor-element elementor-element-7fb2503 elementor-widget elementor-widget-image\" data-id=\"7fb2503\" data-element_type=\"widget\" data-widget_type=\"image.default\">\n\t\t\t\t<div class=\"elementor-widget-container\">\n\t\t\t\t\t\t\t\t\t\t\t\t\t\t\t\t<a href=\"https:\/\/soziokultur-duisburg.de\/2021-wp\/wp-content\/uploads\/2023\/01\/MMZ-n03.pdf\" target=\"_blank\">\n\t\t\t\t\t\t\t<img decoding=\"async\" width=\"660\" height=\"928\" src=\"https:\/\/soziokultur-duisburg.de\/2021-wp\/wp-content\/uploads\/2022\/12\/minimegazin-3_Cover.jpg\" class=\"attachment-large size-large\" alt=\"\" loading=\"lazy\" srcset=\"https:\/\/soziokultur-duisburg.de\/2021-wp\/wp-content\/uploads\/2022\/12\/minimegazin-3_Cover.jpg 728w, https:\/\/soziokultur-duisburg.de\/2021-wp\/wp-content\/uploads\/2022\/12\/minimegazin-3_Cover-213x300.jpg 213w\" sizes=\"(max-width: 660px) 100vw, 660px\" \/>\t\t\t\t\t\t\t\t<\/a>\n\t\t\t\t\t\t\t\t\t\t\t\t\t\t\t<\/div>\n\t\t\t\t<\/div>\n\t\t\t\t\t<\/div>\n\t\t<\/div>\n\t\t\t\t<div class=\"elementor-column elementor-col-33 elementor-top-column elementor-element elementor-element-adbffda\" data-id=\"adbffda\" data-element_type=\"column\">\n\t\t\t<div class=\"elementor-widget-wrap\">\n\t\t\t\t\t\t\t\t\t<\/div>\n\t\t<\/div>\n\t\t\t\t<div class=\"elementor-column elementor-col-33 elementor-top-column elementor-element elementor-element-4ad8642\" data-id=\"4ad8642\" data-element_type=\"column\">\n\t\t\t<div class=\"elementor-widget-wrap elementor-element-populated\">\n\t\t\t\t\t\t\t\t<div class=\"elementor-element elementor-element-3a08f94 elementor-widget elementor-widget-text-editor\" data-id=\"3a08f94\" data-element_type=\"widget\" data-widget_type=\"text-editor.default\">\n\t\t\t\t<div class=\"elementor-widget-container\">\n\t\t\t\t\t\t\t<p><a href=\"https:\/\/soziokultur-duisburg.de\/2021-wp\/wp-content\/uploads\/2023\/01\/MMZ-n03.pdf\" target=\"_blank\" rel=\"noopener\">minimegazine <strong>No3<\/strong><em><br \/>\u2013 das Fanmagazin f\u00fcr die Soziokultur<\/em><\/a><\/p>\t\t\t\t\t\t<\/div>\n\t\t\t\t<\/div>\n\t\t\t\t\t<\/div>\n\t\t<\/div>\n\t\t\t\t\t\t\t<\/div>\n\t\t<\/section>\n\t\t\t\t<section class=\"elementor-section elementor-top-section elementor-element elementor-element-bde722c elementor-section-boxed elementor-section-height-default elementor-section-height-default\" data-id=\"bde722c\" data-element_type=\"section\">\n\t\t\t\t\t\t<div class=\"elementor-container elementor-column-gap-default\">\n\t\t\t\t\t<div class=\"elementor-column elementor-col-33 elementor-top-column elementor-element elementor-element-9c624f1\" data-id=\"9c624f1\" data-element_type=\"column\">\n\t\t\t<div class=\"elementor-widget-wrap elementor-element-populated\">\n\t\t\t\t\t\t\t\t<div class=\"elementor-element elementor-element-41c7c68 elementor-widget elementor-widget-image\" data-id=\"41c7c68\" data-element_type=\"widget\" data-widget_type=\"image.default\">\n\t\t\t\t<div class=\"elementor-widget-container\">\n\t\t\t\t\t\t\t\t\t\t\t\t\t\t\t\t<a href=\"https:\/\/soziokultur-duisburg.de\/2021-wp\/wp-content\/uploads\/2022\/06\/minimegaZine_04_web.pdf\" target=\"_blank\">\n\t\t\t\t\t\t\t<img decoding=\"async\" width=\"544\" height=\"789\" src=\"https:\/\/soziokultur-duisburg.de\/2021-wp\/wp-content\/uploads\/2022\/06\/35-Cover.jpg\" class=\"attachment-large size-large\" alt=\"\" loading=\"lazy\" srcset=\"https:\/\/soziokultur-duisburg.de\/2021-wp\/wp-content\/uploads\/2022\/06\/35-Cover.jpg 544w, https:\/\/soziokultur-duisburg.de\/2021-wp\/wp-content\/uploads\/2022\/06\/35-Cover-207x300.jpg 207w\" sizes=\"(max-width: 544px) 100vw, 544px\" \/>\t\t\t\t\t\t\t\t<\/a>\n\t\t\t\t\t\t\t\t\t\t\t\t\t\t\t<\/div>\n\t\t\t\t<\/div>\n\t\t\t\t\t<\/div>\n\t\t<\/div>\n\t\t\t\t<div class=\"elementor-column elementor-col-33 elementor-top-column elementor-element elementor-element-1f19228\" data-id=\"1f19228\" data-element_type=\"column\">\n\t\t\t<div class=\"elementor-widget-wrap\">\n\t\t\t\t\t\t\t\t\t<\/div>\n\t\t<\/div>\n\t\t\t\t<div class=\"elementor-column elementor-col-33 elementor-top-column elementor-element elementor-element-95d6055\" data-id=\"95d6055\" data-element_type=\"column\">\n\t\t\t<div class=\"elementor-widget-wrap elementor-element-populated\">\n\t\t\t\t\t\t\t\t<div class=\"elementor-element elementor-element-3e6da56 elementor-widget elementor-widget-text-editor\" data-id=\"3e6da56\" data-element_type=\"widget\" data-widget_type=\"text-editor.default\">\n\t\t\t\t<div class=\"elementor-widget-container\">\n\t\t\t\t\t\t\t<p><a href=\"https:\/\/soziokultur-duisburg.de\/2021-wp\/wp-content\/uploads\/2022\/06\/minimegaZine_04_web.pdf\" target=\"_blank\" rel=\"noopener\">minimegazine <strong>No4<\/strong><br \/><em>\u2013 das Fanmagazin f\u00fcr die Soziokultur<\/em><\/a><\/p>\t\t\t\t\t\t<\/div>\n\t\t\t\t<\/div>\n\t\t\t\t\t<\/div>\n\t\t<\/div>\n\t\t\t\t\t\t\t<\/div>\n\t\t<\/section>\n\t\t\t\t<section class=\"elementor-section elementor-top-section elementor-element elementor-element-c581f89 elementor-section-boxed elementor-section-height-default elementor-section-height-default\" data-id=\"c581f89\" data-element_type=\"section\">\n\t\t\t\t\t\t<div class=\"elementor-container elementor-column-gap-default\">\n\t\t\t\t\t<div class=\"elementor-column elementor-col-33 elementor-top-column elementor-element elementor-element-31064bd\" data-id=\"31064bd\" data-element_type=\"column\">\n\t\t\t<div class=\"elementor-widget-wrap elementor-element-populated\">\n\t\t\t\t\t\t\t\t<div class=\"elementor-element elementor-element-1da890a elementor-widget elementor-widget-image\" data-id=\"1da890a\" data-element_type=\"widget\" data-widget_type=\"image.default\">\n\t\t\t\t<div class=\"elementor-widget-container\">\n\t\t\t\t\t\t\t\t\t\t\t\t\t\t\t\t<a href=\"https:\/\/soziokultur-duisburg.de\/2021-wp\/wp-content\/uploads\/2022\/06\/minimegazine_NO5.pdf\" target=\"_blank\">\n\t\t\t\t\t\t\t<img decoding=\"async\" width=\"660\" height=\"928\" src=\"https:\/\/soziokultur-duisburg.de\/2021-wp\/wp-content\/uploads\/2022\/06\/Fanzine_Titelseite2-728x1024.jpg\" class=\"attachment-large size-large\" alt=\"\" loading=\"lazy\" srcset=\"https:\/\/soziokultur-duisburg.de\/2021-wp\/wp-content\/uploads\/2022\/06\/Fanzine_Titelseite2-728x1024.jpg 728w, https:\/\/soziokultur-duisburg.de\/2021-wp\/wp-content\/uploads\/2022\/06\/Fanzine_Titelseite2-213x300.jpg 213w, https:\/\/soziokultur-duisburg.de\/2021-wp\/wp-content\/uploads\/2022\/06\/Fanzine_Titelseite2-768x1080.jpg 768w, https:\/\/soziokultur-duisburg.de\/2021-wp\/wp-content\/uploads\/2022\/06\/Fanzine_Titelseite2-1092x1536.jpg 1092w, https:\/\/soziokultur-duisburg.de\/2021-wp\/wp-content\/uploads\/2022\/06\/Fanzine_Titelseite2.jpg 1139w\" sizes=\"(max-width: 660px) 100vw, 660px\" \/>\t\t\t\t\t\t\t\t<\/a>\n\t\t\t\t\t\t\t\t\t\t\t\t\t\t\t<\/div>\n\t\t\t\t<\/div>\n\t\t\t\t\t<\/div>\n\t\t<\/div>\n\t\t\t\t<div class=\"elementor-column elementor-col-33 elementor-top-column elementor-element elementor-element-44743e6\" data-id=\"44743e6\" data-element_type=\"column\">\n\t\t\t<div class=\"elementor-widget-wrap\">\n\t\t\t\t\t\t\t\t\t<\/div>\n\t\t<\/div>\n\t\t\t\t<div class=\"elementor-column elementor-col-33 elementor-top-column elementor-element elementor-element-82e815f\" data-id=\"82e815f\" data-element_type=\"column\">\n\t\t\t<div class=\"elementor-widget-wrap elementor-element-populated\">\n\t\t\t\t\t\t\t\t<div class=\"elementor-element elementor-element-0510d16 elementor-widget elementor-widget-text-editor\" data-id=\"0510d16\" data-element_type=\"widget\" data-widget_type=\"text-editor.default\">\n\t\t\t\t<div class=\"elementor-widget-container\">\n\t\t\t\t\t\t\t<p><a href=\"https:\/\/soziokultur-duisburg.de\/2021-wp\/wp-content\/uploads\/2022\/06\/minimegazine_NO5.pdf\" target=\"_blank\" rel=\"noopener\">minimegazine <strong>No5<\/strong><br \/><em>\u2013 das Fanmagazin f\u00fcr die Soziokultur<\/em><\/a><\/p>\t\t\t\t\t\t<\/div>\n\t\t\t\t<\/div>\n\t\t\t\t\t<\/div>\n\t\t<\/div>\n\t\t\t\t\t\t\t<\/div>\n\t\t<\/section>\n\t\t\t\t<section class=\"elementor-section elementor-top-section elementor-element elementor-element-8ced04c elementor-section-boxed elementor-section-height-default elementor-section-height-default\" data-id=\"8ced04c\" data-element_type=\"section\">\n\t\t\t\t\t\t<div class=\"elementor-container elementor-column-gap-default\">\n\t\t\t\t\t<div class=\"elementor-column elementor-col-100 elementor-top-column elementor-element elementor-element-2ebc38a\" data-id=\"2ebc38a\" data-element_type=\"column\">\n\t\t\t<div class=\"elementor-widget-wrap\">\n\t\t\t\t\t\t\t\t\t<\/div>\n\t\t<\/div>\n\t\t\t\t\t\t\t<\/div>\n\t\t<\/section>\n\t\t\t\t<section class=\"elementor-section elementor-top-section elementor-element elementor-element-d8df73e elementor-section-boxed elementor-section-height-default elementor-section-height-default\" data-id=\"d8df73e\" data-element_type=\"section\">\n\t\t\t\t\t\t<div class=\"elementor-container elementor-column-gap-default\">\n\t\t\t\t\t<div class=\"elementor-column elementor-col-100 elementor-top-column elementor-element elementor-element-ad7c531\" data-id=\"ad7c531\" data-element_type=\"column\">\n\t\t\t<div class=\"elementor-widget-wrap\">\n\t\t\t\t\t\t\t\t\t<\/div>\n\t\t<\/div>\n\t\t\t\t\t\t\t<\/div>\n\t\t<\/section>\n\t\t\t\t<section class=\"elementor-section elementor-top-section elementor-element elementor-element-4a16153 elementor-section-boxed elementor-section-height-default elementor-section-height-default\" data-id=\"4a16153\" data-element_type=\"section\">\n\t\t\t\t\t\t<div class=\"elementor-container elementor-column-gap-default\">\n\t\t\t\t\t<div class=\"elementor-column elementor-col-100 elementor-top-column elementor-element elementor-element-8cdaff0\" data-id=\"8cdaff0\" data-element_type=\"column\">\n\t\t\t<div class=\"elementor-widget-wrap elementor-element-populated\">\n\t\t\t\t\t\t\t\t<div class=\"elementor-element elementor-element-e2a977f elementor-widget elementor-widget-text-editor\" data-id=\"e2a977f\" data-element_type=\"widget\" data-widget_type=\"text-editor.default\">\n\t\t\t\t<div class=\"elementor-widget-container\">\n\t\t\t\t\t\t\t<br \/><hr><br \/>\t\t\t\t\t\t<\/div>\n\t\t\t\t<\/div>\n\t\t\t\t\t<\/div>\n\t\t<\/div>\n\t\t\t\t\t\t\t<\/div>\n\t\t<\/section>\n\t\t\t\t\t\t\t<\/div>\n\t\t","protected":false},"excerpt":{"rendered":"<p>Teller leer? Nur noch Kr\u00fcmel f\u00fcr Alle? Quatsch! Der Sozio-Kuchen wird auch in Duisburg geknetet. Das Minimegazine folgt dem Duft der k\u00f6stlichen, sozio-kulturellen Zutaten, innerhalb und au\u00dferhalb unserer Tellerr\u00e4nder. Das Minimegazine ist ein echtes Fanzine, eine kleine selbstgemachte Zeitschrift aus Papier und widmet sich naheliegenden Themen aus dem weiten Feld der Soziokultur. F\u00fcnf Minimegazines entstehen &hellip; <a href=\"https:\/\/soziokultur-duisburg.de\/2021-wp\/minimegazine\/\" class=\"more-link\"><span class=\"screen-reader-text\">MiniMegaZine<\/span> weiterlesen<\/a><\/p>\n","protected":false},"author":1,"featured_media":0,"parent":0,"menu_order":0,"comment_status":"closed","ping_status":"closed","template":"","meta":[],"_links":{"self":[{"href":"https:\/\/soziokultur-duisburg.de\/2021-wp\/wp-json\/wp\/v2\/pages\/19"}],"collection":[{"href":"https:\/\/soziokultur-duisburg.de\/2021-wp\/wp-json\/wp\/v2\/pages"}],"about":[{"href":"https:\/\/soziokultur-duisburg.de\/2021-wp\/wp-json\/wp\/v2\/types\/page"}],"author":[{"embeddable":true,"href":"https:\/\/soziokultur-duisburg.de\/2021-wp\/wp-json\/wp\/v2\/users\/1"}],"replies":[{"embeddable":true,"href":"https:\/\/soziokultur-duisburg.de\/2021-wp\/wp-json\/wp\/v2\/comments?post=19"}],"version-history":[{"count":10,"href":"https:\/\/soziokultur-duisburg.de\/2021-wp\/wp-json\/wp\/v2\/pages\/19\/revisions"}],"predecessor-version":[{"id":2248,"href":"https:\/\/soziokultur-duisburg.de\/2021-wp\/wp-json\/wp\/v2\/pages\/19\/revisions\/2248"}],"wp:attachment":[{"href":"https:\/\/soziokultur-duisburg.de\/2021-wp\/wp-json\/wp\/v2\/media?parent=19"}],"curies":[{"name":"wp","href":"https:\/\/api.w.org\/{rel}","templated":true}]}}