{"id":29,"date":"2021-10-04T19:54:23","date_gmt":"2021-10-04T17:54:23","guid":{"rendered":"https:\/\/soziokultur-duisburg.de\/2021-wp\/?page_id=29"},"modified":"2022-06-07T20:12:54","modified_gmt":"2022-06-07T18:12:54","slug":"was-ist-soziokultur","status":"publish","type":"page","link":"https:\/\/soziokultur-duisburg.de\/2021-wp\/was-ist-soziokultur\/","title":{"rendered":"Was ist Soziokultur?"},"content":{"rendered":"\t\t<div data-elementor-type=\"wp-page\" data-elementor-id=\"29\" class=\"elementor elementor-29\">\n\t\t\t\t\t\t\t\t\t<section class=\"elementor-section elementor-top-section elementor-element elementor-element-eaeb6d5 elementor-section-boxed elementor-section-height-default elementor-section-height-default\" data-id=\"eaeb6d5\" data-element_type=\"section\">\n\t\t\t\t\t\t<div class=\"elementor-container elementor-column-gap-default\">\n\t\t\t\t\t<div class=\"elementor-column elementor-col-100 elementor-top-column elementor-element elementor-element-c9633ab\" data-id=\"c9633ab\" data-element_type=\"column\">\n\t\t\t<div class=\"elementor-widget-wrap elementor-element-populated\">\n\t\t\t\t\t\t\t\t<div class=\"elementor-element elementor-element-483ed5d elementor-widget elementor-widget-text-editor\" data-id=\"483ed5d\" data-element_type=\"widget\" data-widget_type=\"text-editor.default\">\n\t\t\t\t<div class=\"elementor-widget-container\">\n\t\t\t<style>\/*! elementor - v3.6.7 - 03-07-2022 *\/\n.elementor-widget-text-editor.elementor-drop-cap-view-stacked .elementor-drop-cap{background-color:#818a91;color:#fff}.elementor-widget-text-editor.elementor-drop-cap-view-framed .elementor-drop-cap{color:#818a91;border:3px solid;background-color:transparent}.elementor-widget-text-editor:not(.elementor-drop-cap-view-default) .elementor-drop-cap{margin-top:8px}.elementor-widget-text-editor:not(.elementor-drop-cap-view-default) .elementor-drop-cap-letter{width:1em;height:1em}.elementor-widget-text-editor .elementor-drop-cap{float:left;text-align:center;line-height:1;font-size:50px}.elementor-widget-text-editor .elementor-drop-cap-letter{display:inline-block}<\/style>\t\t\t\t<p>Ganz vereinfacht bedeutet Soziokultur, mit kulturellen Mitteln soziale Zwecke zu erf\u00fcllen. Ob als Ort f\u00fcr Projekte mit Jugendlichen, als Treffpunkt f\u00fcr die Nachbarschaft, als Freiraum f\u00fcr K\u00fcnstler*innen und zivilgesellschaftliche Initiativen, als Forum f\u00fcr gesellschaftspolitische Diskussionen: Soziokulturelle Zentren bieten die M\u00f6glichkeit selbst aktiv zu werden. Bei Soziokultur geht es um das Mitmachen. Soziokultur ist f\u00fcr alle da! (Wenn ihr mehr Infos wollt, schaut mal rein bei <a href=\"https:\/\/www.soziokultur.de\/\" target=\"_blank\" rel=\"noopener\">www.soziokultur.de<\/a>)<\/p>\n<p>Der Begriff &#8222;Soziokultur&#8220; wurde von der Jugendzentrumsbewegung der 1970er und 1980er Jahre gepr\u00e4gt. In der Zeit der wilden Hausbesetzungen und autonomen Zentren, als Jugendliche gegen die kapitalistische Normierung des gesellschaftlichen Lebens aufbegehrten, erk\u00e4mpften sie sich R\u00e4ume in den St\u00e4dten f\u00fcr ihre alternativen Vorstellungen von einem solidarischen Leben, frei von Kontrolle und Traditionen. Diese Freir\u00e4ume wurden meist gegen Repression erk\u00e4mpft, selbstorganisiert verwaltet, und daraus sind dann im Laufe der Zeit viele &#8222;Soziokulturelle Zentren&#8220; entstanden.<\/p>\n<p>Mit dieser Geschichte war die &#8222;Soziokultur&#8220; immer ein Gegenentwurf zu etablierten Kulturinstitutionen. Ein subversiver Widerspruch gegen die Langeweile der Konsumgesellschaft und gegen Diskriminierung alternativer Lebensentw\u00fcrfe. Auch in Duisburg gab es ein Soziokulturelles Zentrum &#8211; das &#8222;Eschhaus&#8220;. Doch seit seiner Schlie\u00dfung Ende der 80er Jahre sind in Duisburg alle Versuche, ein selbstverwaltetes Soziokulturelles Zentrum zu etablieren, \u00fcber kurz oder lang gescheitert. Immer neue Initiativen versuchten seitdem von der Stadt R\u00e4ume zu bekommen.<\/p>\n<p>&#8222;Zieht euch was Anst\u00e4ndiges an!&#8220; und &#8222;Geht doch ins Theater!&#8220; lautete oft die Reaktion &#8211; und so lautete sie bis vor Kurzem auch noch in Duisburg. Doch wir sind in den letzten Jahren ein paar Schritte vorangekommen! Mit dem Lokal Harmonie in Ruhrort und dem Stapeltor in der Innenstadt sind wir schon zwei Mitglieder im Dachverband <a href=\"https:\/\/soziokultur-nrw.de\/\" target=\"_blank\" rel=\"noopener\">www.soziokultur-nrw.de<\/a>. Weitere selbstorganisierte Orte sind in der Entstehung und weitere Kollektive suchen nach R\u00e4umen zur Entfaltung.<\/p>\n<p>Dabei sehen wir Parallelen zwischen den Freiraumk\u00e4mpfen einer jungen Generation in den 80ern und den vielf\u00e4ltigen K\u00e4mpfen gegen Rassismus und Sexismus in der heutigen pluralen Gesellschaft. Es geht um Emanzipation, um Sichtbarkeit, um sichere R\u00e4ume und eigene Ressourcen &#8211; f\u00fcr das Recht auf ein selbstbestimmtes Leben und gegen das Integrationsparadigma der Dominanzgesellschaft. Wir sehen Soziokultur als M\u00f6glichkeit, gemeinsam an einer solidarischen Gesellschaft ohne Ausbeutung und Diskriminierung zu arbeiten. Deswegen ist es uns ein zentrales Anliegen, dass die Ressourcen f\u00fcr Kulturarbeit in der Stadt gerecht verteilt werden und strukturelle Diskriminierung abgebaut wird.&nbsp;<\/p>\n<p>Gemeinsam mit soziokulturellen Orten, k\u00fcnstlerischen Vereinigungen und solidarischen Initiativen wollen wir uns vernetzen. Mit dem Ziel: Mehr Soziokultur f\u00fcr Duisburg!<\/p>\n<p>Wir wollen vergessene Verbindungen in die Vergangenheit sichtbar machen, die verstrickte Gegenwart entwirren und an einer gemeinsamen Idee von Soziokultur f\u00fcr die plurale Gesellschaft der Zukunft basteln.<\/p>\t\t\t\t\t\t<\/div>\n\t\t\t\t<\/div>\n\t\t\t\t\t<\/div>\n\t\t<\/div>\n\t\t\t\t\t\t\t<\/div>\n\t\t<\/section>\n\t\t\t\t<section class=\"elementor-section elementor-top-section elementor-element elementor-element-463ffda elementor-section-boxed elementor-section-height-default elementor-section-height-default\" data-id=\"463ffda\" data-element_type=\"section\">\n\t\t\t\t\t\t<div class=\"elementor-container elementor-column-gap-default\">\n\t\t\t\t\t<div class=\"elementor-column elementor-col-100 elementor-top-column elementor-element elementor-element-73c2926\" data-id=\"73c2926\" data-element_type=\"column\">\n\t\t\t<div class=\"elementor-widget-wrap elementor-element-populated\">\n\t\t\t\t\t\t\t\t<div class=\"elementor-element elementor-element-34aace8 elementor-widget-divider--view-line elementor-widget elementor-widget-divider\" data-id=\"34aace8\" data-element_type=\"widget\" data-widget_type=\"divider.default\">\n\t\t\t\t<div class=\"elementor-widget-container\">\n\t\t\t<style>\/*! elementor - v3.6.7 - 03-07-2022 *\/\n.elementor-widget-divider{--divider-border-style:none;--divider-border-width:1px;--divider-color:#2c2c2c;--divider-icon-size:20px;--divider-element-spacing:10px;--divider-pattern-height:24px;--divider-pattern-size:20px;--divider-pattern-url:none;--divider-pattern-repeat:repeat-x}.elementor-widget-divider .elementor-divider{display:-webkit-box;display:-ms-flexbox;display:flex}.elementor-widget-divider .elementor-divider__text{font-size:15px;line-height:1;max-width:95%}.elementor-widget-divider .elementor-divider__element{margin:0 var(--divider-element-spacing);-ms-flex-negative:0;flex-shrink:0}.elementor-widget-divider .elementor-icon{font-size:var(--divider-icon-size)}.elementor-widget-divider .elementor-divider-separator{display:-webkit-box;display:-ms-flexbox;display:flex;margin:0;direction:ltr}.elementor-widget-divider--view-line_icon .elementor-divider-separator,.elementor-widget-divider--view-line_text .elementor-divider-separator{-webkit-box-align:center;-ms-flex-align:center;align-items:center}.elementor-widget-divider--view-line_icon .elementor-divider-separator:after,.elementor-widget-divider--view-line_icon .elementor-divider-separator:before,.elementor-widget-divider--view-line_text .elementor-divider-separator:after,.elementor-widget-divider--view-line_text .elementor-divider-separator:before{display:block;content:\"\";border-bottom:0;-webkit-box-flex:1;-ms-flex-positive:1;flex-grow:1;border-top:var(--divider-border-width) var(--divider-border-style) var(--divider-color)}.elementor-widget-divider--element-align-left .elementor-divider .elementor-divider-separator>.elementor-divider__svg:first-of-type{-webkit-box-flex:0;-ms-flex-positive:0;flex-grow:0;-ms-flex-negative:100;flex-shrink:100}.elementor-widget-divider--element-align-left .elementor-divider-separator:before{content:none}.elementor-widget-divider--element-align-left .elementor-divider__element{margin-left:0}.elementor-widget-divider--element-align-right .elementor-divider .elementor-divider-separator>.elementor-divider__svg:last-of-type{-webkit-box-flex:0;-ms-flex-positive:0;flex-grow:0;-ms-flex-negative:100;flex-shrink:100}.elementor-widget-divider--element-align-right .elementor-divider-separator:after{content:none}.elementor-widget-divider--element-align-right .elementor-divider__element{margin-right:0}.elementor-widget-divider:not(.elementor-widget-divider--view-line_text):not(.elementor-widget-divider--view-line_icon) .elementor-divider-separator{border-top:var(--divider-border-width) var(--divider-border-style) var(--divider-color)}.elementor-widget-divider--separator-type-pattern{--divider-border-style:none}.elementor-widget-divider--separator-type-pattern.elementor-widget-divider--view-line .elementor-divider-separator,.elementor-widget-divider--separator-type-pattern:not(.elementor-widget-divider--view-line) .elementor-divider-separator:after,.elementor-widget-divider--separator-type-pattern:not(.elementor-widget-divider--view-line) .elementor-divider-separator:before,.elementor-widget-divider--separator-type-pattern:not([class*=elementor-widget-divider--view]) .elementor-divider-separator{width:100%;min-height:var(--divider-pattern-height);-webkit-mask-size:var(--divider-pattern-size) 100%;mask-size:var(--divider-pattern-size) 100%;-webkit-mask-repeat:var(--divider-pattern-repeat);mask-repeat:var(--divider-pattern-repeat);background-color:var(--divider-color);-webkit-mask-image:var(--divider-pattern-url);mask-image:var(--divider-pattern-url)}.elementor-widget-divider--no-spacing{--divider-pattern-size:auto}.elementor-widget-divider--bg-round{--divider-pattern-repeat:round}.rtl .elementor-widget-divider .elementor-divider__text{direction:rtl}<\/style>\t\t<div class=\"elementor-divider\">\n\t\t\t<span class=\"elementor-divider-separator\">\n\t\t\t\t\t\t<\/span>\n\t\t<\/div>\n\t\t\t\t<\/div>\n\t\t\t\t<\/div>\n\t\t\t\t\t<\/div>\n\t\t<\/div>\n\t\t\t\t\t\t\t<\/div>\n\t\t<\/section>\n\t\t\t\t\t\t\t<\/div>\n\t\t","protected":false},"excerpt":{"rendered":"<p>Ganz vereinfacht bedeutet Soziokultur, mit kulturellen Mitteln soziale Zwecke zu erf\u00fcllen. Ob als Ort f\u00fcr Projekte mit Jugendlichen, als Treffpunkt f\u00fcr die Nachbarschaft, als Freiraum f\u00fcr K\u00fcnstler*innen und zivilgesellschaftliche Initiativen, als Forum f\u00fcr gesellschaftspolitische Diskussionen: Soziokulturelle Zentren bieten die M\u00f6glichkeit selbst aktiv zu werden. Bei Soziokultur geht es um das Mitmachen. Soziokultur ist f\u00fcr alle &hellip; <a href=\"https:\/\/soziokultur-duisburg.de\/2021-wp\/was-ist-soziokultur\/\" class=\"more-link\"><span class=\"screen-reader-text\">Was ist Soziokultur?<\/span> weiterlesen<\/a><\/p>\n","protected":false},"author":1,"featured_media":0,"parent":0,"menu_order":0,"comment_status":"closed","ping_status":"closed","template":"","meta":[],"_links":{"self":[{"href":"https:\/\/soziokultur-duisburg.de\/2021-wp\/wp-json\/wp\/v2\/pages\/29"}],"collection":[{"href":"https:\/\/soziokultur-duisburg.de\/2021-wp\/wp-json\/wp\/v2\/pages"}],"about":[{"href":"https:\/\/soziokultur-duisburg.de\/2021-wp\/wp-json\/wp\/v2\/types\/page"}],"author":[{"embeddable":true,"href":"https:\/\/soziokultur-duisburg.de\/2021-wp\/wp-json\/wp\/v2\/users\/1"}],"replies":[{"embeddable":true,"href":"https:\/\/soziokultur-duisburg.de\/2021-wp\/wp-json\/wp\/v2\/comments?post=29"}],"version-history":[{"count":10,"href":"https:\/\/soziokultur-duisburg.de\/2021-wp\/wp-json\/wp\/v2\/pages\/29\/revisions"}],"predecessor-version":[{"id":1363,"href":"https:\/\/soziokultur-duisburg.de\/2021-wp\/wp-json\/wp\/v2\/pages\/29\/revisions\/1363"}],"wp:attachment":[{"href":"https:\/\/soziokultur-duisburg.de\/2021-wp\/wp-json\/wp\/v2\/media?parent=29"}],"curies":[{"name":"wp","href":"https:\/\/api.w.org\/{rel}","templated":true}]}}