{"id":373,"date":"2021-10-05T17:25:17","date_gmt":"2021-10-05T15:25:17","guid":{"rendered":"https:\/\/soziokultur-duisburg.de\/2021-wp\/denkraeume\/"},"modified":"2022-06-29T15:07:21","modified_gmt":"2022-06-29T13:07:21","slug":"denkraeume","status":"publish","type":"page","link":"https:\/\/soziokultur-duisburg.de\/2021-wp\/denkraeume\/?lang=en","title":{"rendered":"thinking spaces"},"content":{"rendered":"\t\t<div data-elementor-type=\"wp-page\" data-elementor-id=\"373\" class=\"elementor elementor-373\">\n\t\t\t\t\t\t\t\t\t<section class=\"elementor-section elementor-top-section elementor-element elementor-element-4fbf4d9 elementor-section-boxed elementor-section-height-default elementor-section-height-default\" data-id=\"4fbf4d9\" data-element_type=\"section\">\n\t\t\t\t\t\t<div class=\"elementor-container elementor-column-gap-default\">\n\t\t\t\t\t<div class=\"elementor-column elementor-col-100 elementor-top-column elementor-element elementor-element-1a26a25\" data-id=\"1a26a25\" data-element_type=\"column\">\n\t\t\t<div class=\"elementor-widget-wrap elementor-element-populated\">\n\t\t\t\t\t\t\t\t<div class=\"elementor-element elementor-element-16e7df1 elementor-widget elementor-widget-text-editor\" data-id=\"16e7df1\" data-element_type=\"widget\" data-widget_type=\"text-editor.default\">\n\t\t\t\t<div class=\"elementor-widget-container\">\n\t\t\t<style>\/*! elementor - v3.6.7 - 03-07-2022 *\/\n.elementor-widget-text-editor.elementor-drop-cap-view-stacked .elementor-drop-cap{background-color:#818a91;color:#fff}.elementor-widget-text-editor.elementor-drop-cap-view-framed .elementor-drop-cap{color:#818a91;border:3px solid;background-color:transparent}.elementor-widget-text-editor:not(.elementor-drop-cap-view-default) .elementor-drop-cap{margin-top:8px}.elementor-widget-text-editor:not(.elementor-drop-cap-view-default) .elementor-drop-cap-letter{width:1em;height:1em}.elementor-widget-text-editor .elementor-drop-cap{float:left;text-align:center;line-height:1;font-size:50px}.elementor-widget-text-editor .elementor-drop-cap-letter{display:inline-block}<\/style>\t\t\t\t<p>We established the principle of public thinking spaces in April 2019 in our &#8222;utopian pre-enactment&#8220; for a socio-cultural center in Duisburg-Mitte in the project store &#8222;47&#8220;. To educate ourselves, to learn from each other, to listen to people who were willing to share their experiences and knowledge with us.<\/p><p>In February 2020, we initiated another thinking space on the topic &#8222;Duisburg what are you dreaming of?&#8220; at DJ\u00e4zz.<\/p><p>Within the framework of &#8222;Socioculture for Duisburg&#8220; we have so far organized two public thinking spaces in the local Harmonie:<\/p><p>In November 2021 &#8222;Sweet Strolling&#8220; &#8211; with Prem L\u00fcers from Duisburg and Birte Bicksch\u00e4fer from the legendary Caf\u00e9 Kurz in Ruhrort.<\/p><p>In January 2022 &#8222;IGA with H&#8220; &#8211; a knowledge and strategy exchange on the topic of the <i>International Garden Exhibition<\/i> 2027 in Hochfeld.<\/p><p><span style=\"font-weight: normal;\">We are planning additional public thinking spaces starting in the summer of 2022 at Lokal Harmonie, Stapeltor, and other locations in the city.<\/span><\/p><p><em>If you would like to organize your own thinking spaces on socio-cultural topics, please contact us!<\/em><\/p>\t\t\t\t\t\t<\/div>\n\t\t\t\t<\/div>\n\t\t\t\t\t<\/div>\n\t\t<\/div>\n\t\t\t\t\t\t\t<\/div>\n\t\t<\/section>\n\t\t\t\t\t\t\t<\/div>\n\t\t","protected":false},"excerpt":{"rendered":"<p>We established the principle of public thinking spaces in April 2019 in our &#8222;utopian pre-enactment&#8220; for a socio-cultural center in Duisburg-Mitte in the project store &#8222;47&#8220;. To educate ourselves, to learn from each other, to listen to people who were willing to share their experiences and knowledge with us. In February 2020, we initiated another &hellip; <a href=\"https:\/\/soziokultur-duisburg.de\/2021-wp\/denkraeume\/?lang=en\" class=\"more-link\"><span class=\"screen-reader-text\">thinking spaces<\/span> weiterlesen<\/a><\/p>\n","protected":false},"author":1,"featured_media":0,"parent":0,"menu_order":0,"comment_status":"closed","ping_status":"closed","template":"","meta":[],"_links":{"self":[{"href":"https:\/\/soziokultur-duisburg.de\/2021-wp\/wp-json\/wp\/v2\/pages\/373"}],"collection":[{"href":"https:\/\/soziokultur-duisburg.de\/2021-wp\/wp-json\/wp\/v2\/pages"}],"about":[{"href":"https:\/\/soziokultur-duisburg.de\/2021-wp\/wp-json\/wp\/v2\/types\/page"}],"author":[{"embeddable":true,"href":"https:\/\/soziokultur-duisburg.de\/2021-wp\/wp-json\/wp\/v2\/users\/1"}],"replies":[{"embeddable":true,"href":"https:\/\/soziokultur-duisburg.de\/2021-wp\/wp-json\/wp\/v2\/comments?post=373"}],"version-history":[{"count":10,"href":"https:\/\/soziokultur-duisburg.de\/2021-wp\/wp-json\/wp\/v2\/pages\/373\/revisions"}],"predecessor-version":[{"id":1651,"href":"https:\/\/soziokultur-duisburg.de\/2021-wp\/wp-json\/wp\/v2\/pages\/373\/revisions\/1651"}],"wp:attachment":[{"href":"https:\/\/soziokultur-duisburg.de\/2021-wp\/wp-json\/wp\/v2\/media?parent=373"}],"curies":[{"name":"wp","href":"https:\/\/api.w.org\/{rel}","templated":true}]}}