{"id":620,"date":"2022-04-21T13:09:55","date_gmt":"2022-04-21T11:09:55","guid":{"rendered":"https:\/\/soziokultur-duisburg.de\/2021-wp\/duesuenme-alanlari\/"},"modified":"2022-06-29T15:07:01","modified_gmt":"2022-06-29T13:07:01","slug":"duesuenme-alanlari","status":"publish","type":"page","link":"https:\/\/soziokultur-duisburg.de\/2021-wp\/duesuenme-alanlari\/?lang=tr","title":{"rendered":"d\u00fc\u015f\u00fcnme alanlar\u0131"},"content":{"rendered":"\t\t<div data-elementor-type=\"wp-page\" data-elementor-id=\"620\" class=\"elementor elementor-620\">\n\t\t\t\t\t\t\t\t\t<section class=\"elementor-section elementor-top-section elementor-element elementor-element-4fbf4d9 elementor-section-boxed elementor-section-height-default elementor-section-height-default\" data-id=\"4fbf4d9\" data-element_type=\"section\">\n\t\t\t\t\t\t<div class=\"elementor-container elementor-column-gap-default\">\n\t\t\t\t\t<div class=\"elementor-column elementor-col-100 elementor-top-column elementor-element elementor-element-1a26a25\" data-id=\"1a26a25\" data-element_type=\"column\">\n\t\t\t<div class=\"elementor-widget-wrap elementor-element-populated\">\n\t\t\t\t\t\t\t\t<div class=\"elementor-element elementor-element-16e7df1 elementor-widget elementor-widget-text-editor\" data-id=\"16e7df1\" data-element_type=\"widget\" data-widget_type=\"text-editor.default\">\n\t\t\t\t<div class=\"elementor-widget-container\">\n\t\t\t<style>\/*! elementor - v3.6.7 - 03-07-2022 *\/\n.elementor-widget-text-editor.elementor-drop-cap-view-stacked .elementor-drop-cap{background-color:#818a91;color:#fff}.elementor-widget-text-editor.elementor-drop-cap-view-framed .elementor-drop-cap{color:#818a91;border:3px solid;background-color:transparent}.elementor-widget-text-editor:not(.elementor-drop-cap-view-default) .elementor-drop-cap{margin-top:8px}.elementor-widget-text-editor:not(.elementor-drop-cap-view-default) .elementor-drop-cap-letter{width:1em;height:1em}.elementor-widget-text-editor .elementor-drop-cap{float:left;text-align:center;line-height:1;font-size:50px}.elementor-widget-text-editor .elementor-drop-cap-letter{display:inline-block}<\/style>\t\t\t\t<p>Kamusal d\u00fc\u015f\u00fcnme alanlar\u0131 ilkesini Nisan 2019&#8217;da Duisburg-Mitte&#8217;deki &#8222;47&#8220; proje ma\u011fazas\u0131nda bir sosyo-k\u00fclt\u00fcrel merkez i\u00e7in yapt\u0131\u011f\u0131m\u0131z &#8222;\u00fctopik \u00f6n canland\u0131rmada&#8220; olu\u015fturduk. Kendimizi e\u011fitmek, birbirimizden bir \u015feyler \u00f6\u011frenmek, deneyimlerini ve bilgilerini bizimle payla\u015fmaya istekli insanlar\u0131 dinlemek i\u00e7in.<\/p><p>\u015eubat 2020&#8217;de DJ\u00e4zz&#8217;da &#8222;Duisburg ne hayal ediyorsun?&#8220; konulu bir ba\u015fka d\u00fc\u015f\u00fcnce alan\u0131 ba\u015flatt\u0131k.<\/p><p>&#8222;Duisburg i\u00e7in Sosyok\u00fclt\u00fcr&#8220; \u00e7er\u00e7evesinde \u015fimdiye kadar Harmonie lokalinde iki kamusal d\u00fc\u015f\u00fcnme alan\u0131 d\u00fczenledik:<\/p><p>Kas\u0131m 2021&#8217;de &#8222;Sweet Strolling&#8220; &#8211; Duisburg&#8217;dan Prem L\u00fcers ve Ruhrort&#8217;taki efsanevi Caf\u00e9 Kurz&#8217;dan Birte Bicksch\u00e4fer ile.<\/p><p>Ocak 2022&#8217;de &#8222;H ile IGA&#8220; &#8211; Hochfeld&#8217;deki <i>Uluslararas\u0131 Bah\u00e7e Fuar\u0131<\/i> 2027 konusunda bir bilgi ve strateji al\u0131\u015fveri\u015fi.<\/p><p><span style=\"font-weight: normal;\">Harmonie pub&#8217;da, Stapeltor&#8217;da ve \u015fehrin di\u011fer yerlerinde 2022 yaz\u0131ndan itibaren ba\u015fka kamusal d\u00fc\u015f\u00fcnme alanlar\u0131 planl\u0131yoruz.<\/span><\/p><p><em>Sosyo-k\u00fclt\u00fcrel konularda kendi d\u00fc\u015f\u00fcnce kurulu\u015flar\u0131n\u0131z\u0131 d\u00fczenlemek isterseniz, l\u00fctfen bizimle ileti\u015fime ge\u00e7in!<\/em><\/p>\t\t\t\t\t\t<\/div>\n\t\t\t\t<\/div>\n\t\t\t\t\t<\/div>\n\t\t<\/div>\n\t\t\t\t\t\t\t<\/div>\n\t\t<\/section>\n\t\t\t\t\t\t\t<\/div>\n\t\t","protected":false},"excerpt":{"rendered":"<p>Kamusal d\u00fc\u015f\u00fcnme alanlar\u0131 ilkesini Nisan 2019&#8217;da Duisburg-Mitte&#8217;deki &#8222;47&#8220; proje ma\u011fazas\u0131nda bir sosyo-k\u00fclt\u00fcrel merkez i\u00e7in yapt\u0131\u011f\u0131m\u0131z &#8222;\u00fctopik \u00f6n canland\u0131rmada&#8220; olu\u015fturduk. Kendimizi e\u011fitmek, birbirimizden bir \u015feyler \u00f6\u011frenmek, deneyimlerini ve bilgilerini bizimle payla\u015fmaya istekli insanlar\u0131 dinlemek i\u00e7in. \u015eubat 2020&#8217;de DJ\u00e4zz&#8217;da &#8222;Duisburg ne hayal ediyorsun?&#8220; konulu bir ba\u015fka d\u00fc\u015f\u00fcnce alan\u0131 ba\u015flatt\u0131k. &#8222;Duisburg i\u00e7in Sosyok\u00fclt\u00fcr&#8220; \u00e7er\u00e7evesinde \u015fimdiye kadar Harmonie lokalinde &hellip; <a href=\"https:\/\/soziokultur-duisburg.de\/2021-wp\/duesuenme-alanlari\/?lang=tr\" class=\"more-link\"><span class=\"screen-reader-text\">d\u00fc\u015f\u00fcnme alanlar\u0131<\/span> weiterlesen<\/a><\/p>\n","protected":false},"author":1,"featured_media":0,"parent":0,"menu_order":0,"comment_status":"closed","ping_status":"closed","template":"","meta":[],"_links":{"self":[{"href":"https:\/\/soziokultur-duisburg.de\/2021-wp\/wp-json\/wp\/v2\/pages\/620"}],"collection":[{"href":"https:\/\/soziokultur-duisburg.de\/2021-wp\/wp-json\/wp\/v2\/pages"}],"about":[{"href":"https:\/\/soziokultur-duisburg.de\/2021-wp\/wp-json\/wp\/v2\/types\/page"}],"author":[{"embeddable":true,"href":"https:\/\/soziokultur-duisburg.de\/2021-wp\/wp-json\/wp\/v2\/users\/1"}],"replies":[{"embeddable":true,"href":"https:\/\/soziokultur-duisburg.de\/2021-wp\/wp-json\/wp\/v2\/comments?post=620"}],"version-history":[{"count":6,"href":"https:\/\/soziokultur-duisburg.de\/2021-wp\/wp-json\/wp\/v2\/pages\/620\/revisions"}],"predecessor-version":[{"id":1650,"href":"https:\/\/soziokultur-duisburg.de\/2021-wp\/wp-json\/wp\/v2\/pages\/620\/revisions\/1650"}],"wp:attachment":[{"href":"https:\/\/soziokultur-duisburg.de\/2021-wp\/wp-json\/wp\/v2\/media?parent=620"}],"curies":[{"name":"wp","href":"https:\/\/api.w.org\/{rel}","templated":true}]}}