{"id":630,"date":"2022-04-21T13:21:03","date_gmt":"2022-04-21T11:21:03","guid":{"rendered":"https:\/\/soziokultur-duisburg.de\/2021-wp\/duissonanzen\/"},"modified":"2022-06-29T14:59:49","modified_gmt":"2022-06-29T12:59:49","slug":"duissonanzen","status":"publish","type":"page","link":"https:\/\/soziokultur-duisburg.de\/2021-wp\/duissonanzen\/?lang=tr","title":{"rendered":"Duissonanzen"},"content":{"rendered":"\t\t<div data-elementor-type=\"wp-page\" data-elementor-id=\"630\" class=\"elementor elementor-630\">\n\t\t\t\t\t\t\t\t\t<section class=\"elementor-section elementor-top-section elementor-element elementor-element-4fbf4d9 elementor-section-boxed elementor-section-height-default elementor-section-height-default\" data-id=\"4fbf4d9\" data-element_type=\"section\">\n\t\t\t\t\t\t<div class=\"elementor-container elementor-column-gap-default\">\n\t\t\t\t\t<div class=\"elementor-column elementor-col-100 elementor-top-column elementor-element elementor-element-1a26a25\" data-id=\"1a26a25\" data-element_type=\"column\">\n\t\t\t<div class=\"elementor-widget-wrap elementor-element-populated\">\n\t\t\t\t\t\t\t\t<div class=\"elementor-element elementor-element-16e7df1 elementor-widget elementor-widget-text-editor\" data-id=\"16e7df1\" data-element_type=\"widget\" data-widget_type=\"text-editor.default\">\n\t\t\t\t<div class=\"elementor-widget-container\">\n\t\t\t<style>\/*! elementor - v3.6.7 - 03-07-2022 *\/\n.elementor-widget-text-editor.elementor-drop-cap-view-stacked .elementor-drop-cap{background-color:#818a91;color:#fff}.elementor-widget-text-editor.elementor-drop-cap-view-framed .elementor-drop-cap{color:#818a91;border:3px solid;background-color:transparent}.elementor-widget-text-editor:not(.elementor-drop-cap-view-default) .elementor-drop-cap{margin-top:8px}.elementor-widget-text-editor:not(.elementor-drop-cap-view-default) .elementor-drop-cap-letter{width:1em;height:1em}.elementor-widget-text-editor .elementor-drop-cap{float:left;text-align:center;line-height:1;font-size:50px}.elementor-widget-text-editor .elementor-drop-cap-letter{display:inline-block}<\/style>\t\t\t\t<p><em>Duissonanzen<\/em>, bu \u015fehrin yarat\u0131c\u0131 insanlar\u0131n\u0131 anlatan bir belgesel film projesidir. Burada ya\u015fayan ve \u00e7al\u0131\u015fan, bu \u015fehrin ger\u00e7ek kalbi, gizli g\u00fcc\u00fc olan insanlar\u0131n bir ar\u015fivi.<\/p><p>Duisburg kendi potansiyelini, kendi yarat\u0131c\u0131 g\u00fcc\u00fcn\u00fc \u00e7ok az d\u00fc\u015f\u00fcn\u00fcyor. K\u00f6rpe yavrular\u0131n\u0131 yabani otlar olarak g\u00f6rmeyi tercih ediyor &#8211; ve kendisini \u00e7ok nadiren oldu\u011fu gibi g\u00f6r\u00fcyor: e\u015fsiz bir k\u00fclt\u00fcrler eritme potas\u0131, son y\u0131llarda e\u015fi benzeri olmayan, s\u00fcrekli b\u00fcy\u00fcyen ve de\u011fi\u015fen ger\u00e7ek bir sanat ortam\u0131 \u00fcreten uluslararas\u0131 bir yarat\u0131c\u0131l\u0131k biyotopu. Renkli ve yarat\u0131c\u0131 olan bu \u00f6zellik, kamusal s\u00f6ylemde s\u0131kl\u0131kla vurgulanmakta, ancak bir sonraki anda kal\u0131c\u0131 olumsuz benlik alg\u0131s\u0131 ve basmakal\u0131p kategorizasyon i\u00e7inde kaybolmaktad\u0131r.<\/p><p>Duissonanzen, \u015fehir i\u00e7in daha iyi bir imaj umuduyla k\u0131sa bir s\u00fcreli\u011fine cazibesini geride b\u0131rakmak i\u00e7in memnuniyetle i\u015fe al\u0131nan ba\u015fka yerlerden gelen \u00fcnl\u00fc sanat\u00e7\u0131lara ba\u011f\u0131ml\u0131 olmad\u0131\u011f\u0131m\u0131z\u0131 g\u00f6stermek istiyor. Duissonanzen, Duisburglu sanat\u00e7\u0131lara ve yarat\u0131c\u0131 insanlara odaklanarak bu \u015fehrin kendi d\u0131\u015f\u0131nda da parlayabilece\u011fini g\u00f6steriyor.<\/p><p>Bu serinin tamamlanan filmlerini bu web sitesinde yay\u0131nlayaca\u011f\u0131z.<\/p>\t\t\t\t\t\t<\/div>\n\t\t\t\t<\/div>\n\t\t\t\t\t<\/div>\n\t\t<\/div>\n\t\t\t\t\t\t\t<\/div>\n\t\t<\/section>\n\t\t\t\t\t\t\t<\/div>\n\t\t","protected":false},"excerpt":{"rendered":"<p>Duissonanzen, bu \u015fehrin yarat\u0131c\u0131 insanlar\u0131n\u0131 anlatan bir belgesel film projesidir. Burada ya\u015fayan ve \u00e7al\u0131\u015fan, bu \u015fehrin ger\u00e7ek kalbi, gizli g\u00fcc\u00fc olan insanlar\u0131n bir ar\u015fivi. Duisburg kendi potansiyelini, kendi yarat\u0131c\u0131 g\u00fcc\u00fcn\u00fc \u00e7ok az d\u00fc\u015f\u00fcn\u00fcyor. K\u00f6rpe yavrular\u0131n\u0131 yabani otlar olarak g\u00f6rmeyi tercih ediyor &#8211; ve kendisini \u00e7ok nadiren oldu\u011fu gibi g\u00f6r\u00fcyor: e\u015fsiz bir k\u00fclt\u00fcrler eritme potas\u0131, son &hellip; <a href=\"https:\/\/soziokultur-duisburg.de\/2021-wp\/duissonanzen\/?lang=tr\" class=\"more-link\"><span class=\"screen-reader-text\">Duissonanzen<\/span> weiterlesen<\/a><\/p>\n","protected":false},"author":1,"featured_media":0,"parent":0,"menu_order":0,"comment_status":"closed","ping_status":"closed","template":"","meta":[],"_links":{"self":[{"href":"https:\/\/soziokultur-duisburg.de\/2021-wp\/wp-json\/wp\/v2\/pages\/630"}],"collection":[{"href":"https:\/\/soziokultur-duisburg.de\/2021-wp\/wp-json\/wp\/v2\/pages"}],"about":[{"href":"https:\/\/soziokultur-duisburg.de\/2021-wp\/wp-json\/wp\/v2\/types\/page"}],"author":[{"embeddable":true,"href":"https:\/\/soziokultur-duisburg.de\/2021-wp\/wp-json\/wp\/v2\/users\/1"}],"replies":[{"embeddable":true,"href":"https:\/\/soziokultur-duisburg.de\/2021-wp\/wp-json\/wp\/v2\/comments?post=630"}],"version-history":[{"count":4,"href":"https:\/\/soziokultur-duisburg.de\/2021-wp\/wp-json\/wp\/v2\/pages\/630\/revisions"}],"predecessor-version":[{"id":1640,"href":"https:\/\/soziokultur-duisburg.de\/2021-wp\/wp-json\/wp\/v2\/pages\/630\/revisions\/1640"}],"wp:attachment":[{"href":"https:\/\/soziokultur-duisburg.de\/2021-wp\/wp-json\/wp\/v2\/media?parent=630"}],"curies":[{"name":"wp","href":"https:\/\/api.w.org\/{rel}","templated":true}]}}