{"id":656,"date":"2022-04-21T13:24:32","date_gmt":"2022-04-21T11:24:32","guid":{"rendered":"https:\/\/soziokultur-duisburg.de\/2021-wp\/sosyokueltuer-nedir\/"},"modified":"2022-06-29T15:10:47","modified_gmt":"2022-06-29T13:10:47","slug":"sosyokueltuer-nedir","status":"publish","type":"page","link":"https:\/\/soziokultur-duisburg.de\/2021-wp\/sosyokueltuer-nedir\/?lang=tr","title":{"rendered":"Sosyok\u00fclt\u00fcr nedir?"},"content":{"rendered":"\t\t<div data-elementor-type=\"wp-page\" data-elementor-id=\"656\" class=\"elementor elementor-656\">\n\t\t\t\t\t\t\t\t\t<section class=\"elementor-section elementor-top-section elementor-element elementor-element-eaeb6d5 elementor-section-boxed elementor-section-height-default elementor-section-height-default\" data-id=\"eaeb6d5\" data-element_type=\"section\">\n\t\t\t\t\t\t<div class=\"elementor-container elementor-column-gap-default\">\n\t\t\t\t\t<div class=\"elementor-column elementor-col-100 elementor-top-column elementor-element elementor-element-c9633ab\" data-id=\"c9633ab\" data-element_type=\"column\">\n\t\t\t<div class=\"elementor-widget-wrap elementor-element-populated\">\n\t\t\t\t\t\t\t\t<div class=\"elementor-element elementor-element-483ed5d elementor-widget elementor-widget-text-editor\" data-id=\"483ed5d\" data-element_type=\"widget\" data-widget_type=\"text-editor.default\">\n\t\t\t\t<div class=\"elementor-widget-container\">\n\t\t\t<style>\/*! elementor - v3.6.7 - 03-07-2022 *\/\n.elementor-widget-text-editor.elementor-drop-cap-view-stacked .elementor-drop-cap{background-color:#818a91;color:#fff}.elementor-widget-text-editor.elementor-drop-cap-view-framed .elementor-drop-cap{color:#818a91;border:3px solid;background-color:transparent}.elementor-widget-text-editor:not(.elementor-drop-cap-view-default) .elementor-drop-cap{margin-top:8px}.elementor-widget-text-editor:not(.elementor-drop-cap-view-default) .elementor-drop-cap-letter{width:1em;height:1em}.elementor-widget-text-editor .elementor-drop-cap{float:left;text-align:center;line-height:1;font-size:50px}.elementor-widget-text-editor .elementor-drop-cap-letter{display:inline-block}<\/style>\t\t\t\t<p>\u00c7ok basitle\u015ftirilmi\u015f bir ifadeyle sosyok\u00fclt\u00fcr, sosyal ama\u00e7lar\u0131n k\u00fclt\u00fcrel ara\u00e7larla yerine getirilmesi anlam\u0131na gelmektedir. Gen\u00e7lerle projeler i\u00e7in bir yer, mahalle i\u00e7in bir bulu\u015fma yeri, sanat\u00e7\u0131lar ve sivil toplum giri\u015fimleri i\u00e7in \u00f6zg\u00fcr bir alan, sosyo-politik tart\u0131\u015fmalar i\u00e7in bir forum olarak: Sosyok\u00fclt\u00fcrel merkezler bizzat aktif olma f\u0131rsat\u0131 sunmaktad\u0131r. Sosyok\u00fclt\u00fcr kat\u0131l\u0131mla ilgilidir. Sosyok\u00fclt\u00fcr herkes i\u00e7indir! (Daha fazla bilgi i\u00e7in <a href=\"https:\/\/www.soziokultur.de\/\" target=\"_blank\" rel=\"noopener\">www.soziokultur.de<\/a> adresine bakabilirsiniz <a href=\"https:\/\/www.soziokultur.de\/\" target=\"_blank\" rel=\"noopener\">)<\/a><\/p>\n<p>&#8222;Sosyok\u00fclt\u00fcr&#8220; terimi 1970&#8217;ler ve 1980&#8217;lerdeki gen\u00e7lik merkezi hareketi taraf\u0131ndan ortaya at\u0131lm\u0131\u015ft\u0131r. Vah\u015fi gecekondular ve otonom merkezler zaman\u0131nda, gen\u00e7ler sosyal ya\u015fam\u0131n kapitalist standartla\u015fmas\u0131na kar\u015f\u0131 isyan ettiklerinde, kontrol ve geleneklerden uzak, dayan\u0131\u015fmac\u0131 bir ya\u015fama dair alternatif fikirleri i\u00e7in \u015fehirlerde alan m\u00fccadelesi verdiler. Bu \u00f6zg\u00fcr alanlar genellikle bask\u0131ya kar\u015f\u0131 m\u00fccadele edilmi\u015f, \u00f6z-\u00f6rg\u00fctl\u00fc bir \u015fekilde y\u00f6netilmi\u015f ve zaman i\u00e7inde bir\u00e7ok &#8222;sosyo-k\u00fclt\u00fcrel merkez&#8220; ortaya \u00e7\u0131km\u0131\u015ft\u0131r.<\/p>\n<p>Bu ge\u00e7mi\u015fiyle &#8222;sosyok\u00fclt\u00fcr&#8220; her zaman yerle\u015fik k\u00fclt\u00fcrel kurumlara kar\u015f\u0131 bir tasar\u0131m olmu\u015ftur. T\u00fcketim toplumunun s\u0131k\u0131c\u0131l\u0131\u011f\u0131na ve alternatif ya\u015fam tarzlar\u0131n\u0131n ayr\u0131mc\u0131l\u0131\u011f\u0131na kar\u015f\u0131 y\u0131k\u0131c\u0131 bir \u00e7eli\u015fki. Duisburg&#8217;un bir de sosyo-k\u00fclt\u00fcrel merkezi vard\u0131: &#8222;Eschhaus&#8220;. Ancak 1980&#8217;lerin sonunda kapat\u0131lmas\u0131ndan bu yana, Duisburg&#8217;da kendi kendini y\u00f6neten bir sosyo-k\u00fclt\u00fcrel merkez kurma giri\u015fimleri er ya da ge\u00e7 ba\u015far\u0131s\u0131z oldu. O zamandan bu yana, giderek daha fazla say\u0131da yeni giri\u015fim \u015fehirden oda almaya \u00e7al\u0131\u015ft\u0131.<\/p>\n<p>&#8222;\u00dcst\u00fcne d\u00fczg\u00fcn bir \u015feyler giy!&#8220; ve &#8222;Neden tiyatroya gitmiyorsun!&#8220; gibi tepkilerle kar\u015f\u0131la\u015f\u0131l\u0131yordu ve yak\u0131n zamana kadar Duisburg&#8217;da da durum ayn\u0131yd\u0131. Ancak son birka\u00e7 y\u0131lda ileriye do\u011fru birka\u00e7 ad\u0131m att\u0131k! Ruhrort&#8217;taki Harmonie pub ve \u015fehir merkezindeki Stapeltor ile <a href=\"https:\/\/soziokultur-nrw.de\/\" target=\"_blank\" rel=\"noopener\">www.soziokultur-nrw.de<\/a> \u00e7at\u0131 kurulu\u015funda halihaz\u0131rda iki \u00fcyemiz var. Kendi kendine \u00f6rg\u00fctlenen daha fazla yer ortaya \u00e7\u0131k\u0131yor ve daha fazla kolektif geli\u015fmek i\u00e7in alan ar\u0131yor.<\/p>\n<p>80&#8217;li y\u0131llarda gen\u00e7 bir ku\u015fa\u011f\u0131n \u00f6zg\u00fcrl\u00fck m\u00fccadeleleri ile g\u00fcn\u00fcm\u00fcz\u00fcn \u00e7o\u011fulcu toplumunda \u0131rk\u00e7\u0131l\u0131k ve cinsiyet\u00e7ili\u011fe kar\u015f\u0131 verilen \u00e7e\u015fitli m\u00fccadeleler aras\u0131nda paralellikler g\u00f6r\u00fcyoruz. Bu \u00f6zg\u00fcrle\u015fme, g\u00f6r\u00fcn\u00fcrl\u00fck, g\u00fcvenli alanlar ve kendi kaynaklar\u0131na sahip olma ile ilgilidir &#8211; kendi kaderini tayin etme hakk\u0131 i\u00e7in ve egemen toplumun entegrasyon paradigmas\u0131na kar\u015f\u0131. Sosyo-k\u00fclt\u00fcr\u00fc, s\u00f6m\u00fcr\u00fc ve ayr\u0131mc\u0131l\u0131\u011f\u0131n olmad\u0131\u011f\u0131 bir dayan\u0131\u015fma toplumu i\u00e7in birlikte \u00e7al\u0131\u015fma f\u0131rsat\u0131 olarak g\u00f6r\u00fcyoruz. Bu nedenle, kentteki k\u00fclt\u00fcrel \u00e7al\u0131\u015fmalar i\u00e7in kaynaklar\u0131n adil bir \u015fekilde da\u011f\u0131t\u0131lmas\u0131 ve yap\u0131sal ayr\u0131mc\u0131l\u0131\u011f\u0131n ortadan kald\u0131r\u0131lmas\u0131 temel kayg\u0131lar\u0131m\u0131zdan biridir.&nbsp;<\/p>\n<p>Sosyo-k\u00fclt\u00fcrel mekanlar, sanatsal dernekler ve dayan\u0131\u015fma giri\u015fimleriyle birlikte a\u011f kurmak istiyoruz. Hedef: Duisburg i\u00e7in daha fazla sosyok\u00fclt\u00fcr!<\/p>\n<p>Ge\u00e7mi\u015fle unutulmu\u015f ba\u011flar\u0131 g\u00f6r\u00fcn\u00fcr k\u0131lmak, birbirine kar\u0131\u015fm\u0131\u015f bug\u00fcn\u00fc \u00e7\u00f6zmek ve gelece\u011fin \u00e7o\u011ful toplumu i\u00e7in ortak bir sosyo-k\u00fclt\u00fcr fikriyle u\u011fra\u015fmak istiyoruz.<\/p>\t\t\t\t\t\t<\/div>\n\t\t\t\t<\/div>\n\t\t\t\t\t<\/div>\n\t\t<\/div>\n\t\t\t\t\t\t\t<\/div>\n\t\t<\/section>\n\t\t\t\t<section class=\"elementor-section elementor-top-section elementor-element elementor-element-463ffda elementor-section-boxed elementor-section-height-default elementor-section-height-default\" data-id=\"463ffda\" data-element_type=\"section\">\n\t\t\t\t\t\t<div class=\"elementor-container elementor-column-gap-default\">\n\t\t\t\t\t<div class=\"elementor-column elementor-col-100 elementor-top-column elementor-element elementor-element-73c2926\" data-id=\"73c2926\" data-element_type=\"column\">\n\t\t\t<div class=\"elementor-widget-wrap elementor-element-populated\">\n\t\t\t\t\t\t\t\t<div class=\"elementor-element elementor-element-34aace8 elementor-widget-divider--view-line elementor-widget elementor-widget-divider\" data-id=\"34aace8\" data-element_type=\"widget\" data-widget_type=\"divider.default\">\n\t\t\t\t<div class=\"elementor-widget-container\">\n\t\t\t<style>\/*! elementor - v3.6.7 - 03-07-2022 *\/\n.elementor-widget-divider{--divider-border-style:none;--divider-border-width:1px;--divider-color:#2c2c2c;--divider-icon-size:20px;--divider-element-spacing:10px;--divider-pattern-height:24px;--divider-pattern-size:20px;--divider-pattern-url:none;--divider-pattern-repeat:repeat-x}.elementor-widget-divider .elementor-divider{display:-webkit-box;display:-ms-flexbox;display:flex}.elementor-widget-divider .elementor-divider__text{font-size:15px;line-height:1;max-width:95%}.elementor-widget-divider .elementor-divider__element{margin:0 var(--divider-element-spacing);-ms-flex-negative:0;flex-shrink:0}.elementor-widget-divider .elementor-icon{font-size:var(--divider-icon-size)}.elementor-widget-divider .elementor-divider-separator{display:-webkit-box;display:-ms-flexbox;display:flex;margin:0;direction:ltr}.elementor-widget-divider--view-line_icon .elementor-divider-separator,.elementor-widget-divider--view-line_text .elementor-divider-separator{-webkit-box-align:center;-ms-flex-align:center;align-items:center}.elementor-widget-divider--view-line_icon .elementor-divider-separator:after,.elementor-widget-divider--view-line_icon .elementor-divider-separator:before,.elementor-widget-divider--view-line_text .elementor-divider-separator:after,.elementor-widget-divider--view-line_text .elementor-divider-separator:before{display:block;content:\"\";border-bottom:0;-webkit-box-flex:1;-ms-flex-positive:1;flex-grow:1;border-top:var(--divider-border-width) var(--divider-border-style) var(--divider-color)}.elementor-widget-divider--element-align-left .elementor-divider .elementor-divider-separator>.elementor-divider__svg:first-of-type{-webkit-box-flex:0;-ms-flex-positive:0;flex-grow:0;-ms-flex-negative:100;flex-shrink:100}.elementor-widget-divider--element-align-left .elementor-divider-separator:before{content:none}.elementor-widget-divider--element-align-left .elementor-divider__element{margin-left:0}.elementor-widget-divider--element-align-right .elementor-divider .elementor-divider-separator>.elementor-divider__svg:last-of-type{-webkit-box-flex:0;-ms-flex-positive:0;flex-grow:0;-ms-flex-negative:100;flex-shrink:100}.elementor-widget-divider--element-align-right .elementor-divider-separator:after{content:none}.elementor-widget-divider--element-align-right .elementor-divider__element{margin-right:0}.elementor-widget-divider:not(.elementor-widget-divider--view-line_text):not(.elementor-widget-divider--view-line_icon) .elementor-divider-separator{border-top:var(--divider-border-width) var(--divider-border-style) var(--divider-color)}.elementor-widget-divider--separator-type-pattern{--divider-border-style:none}.elementor-widget-divider--separator-type-pattern.elementor-widget-divider--view-line .elementor-divider-separator,.elementor-widget-divider--separator-type-pattern:not(.elementor-widget-divider--view-line) .elementor-divider-separator:after,.elementor-widget-divider--separator-type-pattern:not(.elementor-widget-divider--view-line) .elementor-divider-separator:before,.elementor-widget-divider--separator-type-pattern:not([class*=elementor-widget-divider--view]) .elementor-divider-separator{width:100%;min-height:var(--divider-pattern-height);-webkit-mask-size:var(--divider-pattern-size) 100%;mask-size:var(--divider-pattern-size) 100%;-webkit-mask-repeat:var(--divider-pattern-repeat);mask-repeat:var(--divider-pattern-repeat);background-color:var(--divider-color);-webkit-mask-image:var(--divider-pattern-url);mask-image:var(--divider-pattern-url)}.elementor-widget-divider--no-spacing{--divider-pattern-size:auto}.elementor-widget-divider--bg-round{--divider-pattern-repeat:round}.rtl .elementor-widget-divider .elementor-divider__text{direction:rtl}<\/style>\t\t<div class=\"elementor-divider\">\n\t\t\t<span class=\"elementor-divider-separator\">\n\t\t\t\t\t\t<\/span>\n\t\t<\/div>\n\t\t\t\t<\/div>\n\t\t\t\t<\/div>\n\t\t\t\t\t<\/div>\n\t\t<\/div>\n\t\t\t\t\t\t\t<\/div>\n\t\t<\/section>\n\t\t\t\t\t\t\t<\/div>\n\t\t","protected":false},"excerpt":{"rendered":"<p>\u00c7ok basitle\u015ftirilmi\u015f bir ifadeyle sosyok\u00fclt\u00fcr, sosyal ama\u00e7lar\u0131n k\u00fclt\u00fcrel ara\u00e7larla yerine getirilmesi anlam\u0131na gelmektedir. Gen\u00e7lerle projeler i\u00e7in bir yer, mahalle i\u00e7in bir bulu\u015fma yeri, sanat\u00e7\u0131lar ve sivil toplum giri\u015fimleri i\u00e7in \u00f6zg\u00fcr bir alan, sosyo-politik tart\u0131\u015fmalar i\u00e7in bir forum olarak: Sosyok\u00fclt\u00fcrel merkezler bizzat aktif olma f\u0131rsat\u0131 sunmaktad\u0131r. Sosyok\u00fclt\u00fcr kat\u0131l\u0131mla ilgilidir. Sosyok\u00fclt\u00fcr herkes i\u00e7indir! (Daha fazla bilgi i\u00e7in &hellip; <a href=\"https:\/\/soziokultur-duisburg.de\/2021-wp\/sosyokueltuer-nedir\/?lang=tr\" class=\"more-link\"><span class=\"screen-reader-text\">Sosyok\u00fclt\u00fcr nedir?<\/span> weiterlesen<\/a><\/p>\n","protected":false},"author":1,"featured_media":0,"parent":0,"menu_order":0,"comment_status":"closed","ping_status":"closed","template":"","meta":[],"_links":{"self":[{"href":"https:\/\/soziokultur-duisburg.de\/2021-wp\/wp-json\/wp\/v2\/pages\/656"}],"collection":[{"href":"https:\/\/soziokultur-duisburg.de\/2021-wp\/wp-json\/wp\/v2\/pages"}],"about":[{"href":"https:\/\/soziokultur-duisburg.de\/2021-wp\/wp-json\/wp\/v2\/types\/page"}],"author":[{"embeddable":true,"href":"https:\/\/soziokultur-duisburg.de\/2021-wp\/wp-json\/wp\/v2\/users\/1"}],"replies":[{"embeddable":true,"href":"https:\/\/soziokultur-duisburg.de\/2021-wp\/wp-json\/wp\/v2\/comments?post=656"}],"version-history":[{"count":8,"href":"https:\/\/soziokultur-duisburg.de\/2021-wp\/wp-json\/wp\/v2\/pages\/656\/revisions"}],"predecessor-version":[{"id":1656,"href":"https:\/\/soziokultur-duisburg.de\/2021-wp\/wp-json\/wp\/v2\/pages\/656\/revisions\/1656"}],"wp:attachment":[{"href":"https:\/\/soziokultur-duisburg.de\/2021-wp\/wp-json\/wp\/v2\/media?parent=656"}],"curies":[{"name":"wp","href":"https:\/\/api.w.org\/{rel}","templated":true}]}}